{"id":1754,"date":"2019-04-10T14:03:45","date_gmt":"2019-04-10T13:03:45","guid":{"rendered":"https:\/\/www.emap.no\/wordpress\/?page_id=1754"},"modified":"2019-04-10T15:09:59","modified_gmt":"2019-04-10T14:09:59","slug":"internettlosninger","status":"publish","type":"page","link":"https:\/\/www.emap.no\/wordpress\/produkter\/internettlosninger\/","title":{"rendered":"Internettl\u00f8sninger"},"content":{"rendered":"<p style=\"text-align: left;\">Vi lager enkle Web-l\u00f8sninger med klikkbar informasjon til dine nettsider. Her er eksmpel p\u00e5 to sider vi har levert.<!--more--><\/p>\n<figure id=\"attachment_1756\" aria-describedby=\"caption-attachment-1756\" style=\"width: 300px\" class=\"wp-caption alignleft\"><a href=\"https:\/\/snasafjellstyre.no\/fiskeguide\/\"><img loading=\"lazy\" class=\"wp-image-1756 size-medium\" src=\"https:\/\/www.emap.no\/wordpress\/wp-content\/uploads\/2019\/04\/snasafisk-300x181.png\" alt=\"\" width=\"300\" height=\"181\" srcset=\"https:\/\/www.emap.no\/wordpress\/wp-content\/uploads\/2019\/04\/snasafisk-300x181.png 300w, https:\/\/www.emap.no\/wordpress\/wp-content\/uploads\/2019\/04\/snasafisk-768x463.png 768w, https:\/\/www.emap.no\/wordpress\/wp-content\/uploads\/2019\/04\/snasafisk-350x211.png 350w, https:\/\/www.emap.no\/wordpress\/wp-content\/uploads\/2019\/04\/snasafisk.png 1005w\" sizes=\"(max-width: 300px) 100vw, 300px\" \/><\/a><figcaption id=\"caption-attachment-1756\" class=\"wp-caption-text\">Sn\u00e5sa<\/figcaption><\/figure>\n<figure id=\"attachment_1757\" aria-describedby=\"caption-attachment-1757\" style=\"width: 300px\" class=\"wp-caption alignleft\"><a href=\"https:\/\/www.trollheimsporten.no\/kart-med-tilbud-i-rindal.6114055-465664.html\" target=\"_blank\" rel=\"noopener\"><img loading=\"lazy\" class=\"wp-image-1757 size-medium\" src=\"https:\/\/www.emap.no\/wordpress\/wp-content\/uploads\/2019\/04\/rindal-300x189.png\" alt=\"\" width=\"300\" height=\"189\" srcset=\"https:\/\/www.emap.no\/wordpress\/wp-content\/uploads\/2019\/04\/rindal-300x189.png 300w, https:\/\/www.emap.no\/wordpress\/wp-content\/uploads\/2019\/04\/rindal-768x484.png 768w, https:\/\/www.emap.no\/wordpress\/wp-content\/uploads\/2019\/04\/rindal-350x221.png 350w, https:\/\/www.emap.no\/wordpress\/wp-content\/uploads\/2019\/04\/rindal.png 806w\" sizes=\"(max-width: 300px) 100vw, 300px\" \/><\/a><figcaption id=\"caption-attachment-1757\" class=\"wp-caption-text\">Rindal<\/figcaption><\/figure>\n\n\n<p><br><span class=\"\" style=\"display:block;clear:both;height: 0px;padding-top: 1px;border-top-width:0px;border-bottom-width:0px;\"><\/span><br><\/p>\n\n\n\n<p>For kartet i Sn\u00e5sa vant vi pris for beste digitale kartprodukt ved Geomatikkdagene i 2018.<\/p>\n\n\n\n<p>Merk at vi hverken hoster kart eller nettsider hos oss. Vi bruker Kartverkets standard karttjenester som kartbakgrunn, evt. at vi kan lage noen kartbilder i et omr\u00e5de for noen av zoom-niv\u00e5ene (eks. Sn\u00e5sa). Ellers leverer vi en filstruktur med html, javascript og data som installeres av Web-ansvarlig p\u00e5 kundens Web-server.<\/p>\n","protected":false},"excerpt":{"rendered":"<p>Vi lager enkle Web-l\u00f8sninger med klikkbar informasjon til dine nettsider. Her er eksmpel p\u00e5 to sider vi har levert.<\/p>\n","protected":false},"author":1,"featured_media":0,"parent":433,"menu_order":0,"comment_status":"closed","ping_status":"closed","template":"","meta":{"spay_email":""},"jetpack_shortlink":"https:\/\/wp.me\/P7l827-si","_links":{"self":[{"href":"https:\/\/www.emap.no\/wordpress\/wp-json\/wp\/v2\/pages\/1754"}],"collection":[{"href":"https:\/\/www.emap.no\/wordpress\/wp-json\/wp\/v2\/pages"}],"about":[{"href":"https:\/\/www.emap.no\/wordpress\/wp-json\/wp\/v2\/types\/page"}],"author":[{"embeddable":true,"href":"https:\/\/www.emap.no\/wordpress\/wp-json\/wp\/v2\/users\/1"}],"replies":[{"embeddable":true,"href":"https:\/\/www.emap.no\/wordpress\/wp-json\/wp\/v2\/comments?post=1754"}],"version-history":[{"count":26,"href":"https:\/\/www.emap.no\/wordpress\/wp-json\/wp\/v2\/pages\/1754\/revisions"}],"predecessor-version":[{"id":1809,"href":"https:\/\/www.emap.no\/wordpress\/wp-json\/wp\/v2\/pages\/1754\/revisions\/1809"}],"up":[{"embeddable":true,"href":"https:\/\/www.emap.no\/wordpress\/wp-json\/wp\/v2\/pages\/433"}],"wp:attachment":[{"href":"https:\/\/www.emap.no\/wordpress\/wp-json\/wp\/v2\/media?parent=1754"}],"curies":[{"name":"wp","href":"https:\/\/api.w.org\/{rel}","templated":true}]}}