{"id":1891,"date":"2021-03-31T11:22:58","date_gmt":"2021-03-31T10:22:58","guid":{"rendered":"https:\/\/www.emap.no\/wordpress\/?page_id=1891"},"modified":"2021-03-31T11:41:19","modified_gmt":"2021-03-31T10:41:19","slug":"vare-samarbeidspartnere","status":"publish","type":"page","link":"https:\/\/www.emap.no\/wordpress\/om-oss\/vare-samarbeidspartnere\/","title":{"rendered":"V\u00e5re samarbeidspartnere"},"content":{"rendered":"<div id=\"pl-1891\"  class=\"panel-layout\" ><div id=\"pg-1891-0\"  class=\"panel-grid panel-no-style\" ><div id=\"pgc-1891-0-0\"  class=\"panel-grid-cell\" ><div id=\"panel-1891-0-0-0\" class=\"so-panel widget_black-studio-tinymce widget_black_studio_tinymce panel-first-child panel-last-child\" data-index=\"0\" ><div class=\"textwidget\"><h1>Fagtrykk AS<\/h1>\n<\/div><\/div><\/div><\/div><div id=\"pg-1891-1\"  class=\"panel-grid panel-no-style\" ><div id=\"pgc-1891-1-0\"  class=\"panel-grid-cell\" ><div id=\"panel-1891-1-0-0\" class=\"so-panel widget_media_image panel-first-child panel-last-child\" data-index=\"1\" ><a href=\"https:\/\/fagtrykk.no\/\"><img width=\"300\" height=\"67\" src=\"https:\/\/www.emap.no\/wordpress\/wp-content\/uploads\/2021\/03\/fagtrykk-logo-1-300x67.png\" class=\"image wp-image-1906  attachment-medium size-medium\" alt=\"\" loading=\"lazy\" style=\"max-width: 100%; height: auto;\" srcset=\"https:\/\/www.emap.no\/wordpress\/wp-content\/uploads\/2021\/03\/fagtrykk-logo-1-300x67.png 300w, https:\/\/www.emap.no\/wordpress\/wp-content\/uploads\/2021\/03\/fagtrykk-logo-1-350x78.png 350w, https:\/\/www.emap.no\/wordpress\/wp-content\/uploads\/2021\/03\/fagtrykk-logo-1.png 640w\" sizes=\"100vw\" \/><\/a><\/div><\/div><div id=\"pgc-1891-1-1\"  class=\"panel-grid-cell\" ><div id=\"panel-1891-1-1-0\" class=\"so-panel widget_text panel-first-child panel-last-child\" data-index=\"2\" >\t\t\t<div class=\"textwidget\"><p>Fagtrykk er v\u00e5r samarbeidspartner p\u00e5 veggkart, informasjonstavler og veivsningsskilt. De har en moderne maskinpark kombinert og god teknisk og faglig kompetanse og har i en \u00e5rrekke produsert produkter av h\u00f8y kvalitet for oss.<\/p>\n<\/div>\n\t\t<\/div><\/div><\/div><div id=\"pg-1891-2\"  class=\"panel-grid panel-no-style\" ><div id=\"pgc-1891-2-0\"  class=\"panel-grid-cell\" ><div id=\"panel-1891-2-0-0\" class=\"so-panel widget_black-studio-tinymce widget_black_studio_tinymce panel-first-child panel-last-child\" data-index=\"3\" ><div class=\"textwidget\"><h1>BK Trykkpartner<\/h1>\n<\/div><\/div><\/div><\/div><div id=\"pg-1891-3\"  class=\"panel-grid panel-no-style\" ><div id=\"pgc-1891-3-0\"  class=\"panel-grid-cell\" ><div id=\"panel-1891-3-0-0\" class=\"so-panel widget_media_image panel-first-child panel-last-child\" data-index=\"4\" ><a href=\"https:\/\/www.bk.no\/\"><img width=\"300\" height=\"275\" src=\"https:\/\/www.emap.no\/wordpress\/wp-content\/uploads\/2021\/03\/bk_logo_inv-300x275.png\" class=\"image wp-image-1908  attachment-medium size-medium\" alt=\"\" loading=\"lazy\" style=\"max-width: 100%; height: auto;\" srcset=\"https:\/\/www.emap.no\/wordpress\/wp-content\/uploads\/2021\/03\/bk_logo_inv-300x275.png 300w, https:\/\/www.emap.no\/wordpress\/wp-content\/uploads\/2021\/03\/bk_logo_inv-768x703.png 768w, https:\/\/www.emap.no\/wordpress\/wp-content\/uploads\/2021\/03\/bk_logo_inv-350x320.png 350w, https:\/\/www.emap.no\/wordpress\/wp-content\/uploads\/2021\/03\/bk_logo_inv.png 919w\" sizes=\"100vw\" \/><\/a><\/div><\/div><div id=\"pgc-1891-3-1\"  class=\"panel-grid-cell\" ><div id=\"panel-1891-3-1-0\" class=\"so-panel widget_text panel-first-child panel-last-child\" data-index=\"5\" >\t\t\t<div class=\"textwidget\"><p>Trykkpartner har i mange \u00e5r v\u00e6rt v\u00e5r trofaste samarbeidspartner p\u00e5 trykk av papirkart. Nylig gikk de inn sammen med BK i Sandefjord. BK er et moderne grafisk design- og produksjonshus med over 30 \u00e5rs erfaring som tilbyr komplette tjenester innenfor design, emballasje, trykksaker, profilartikler, skilt &amp; dekor og varehotell.<\/p>\n<\/div>\n\t\t<\/div><\/div><\/div><div id=\"pg-1891-4\"  class=\"panel-grid panel-no-style\" ><div id=\"pgc-1891-4-0\"  class=\"panel-grid-cell\" ><div id=\"panel-1891-4-0-0\" class=\"so-panel widget_black-studio-tinymce widget_black_studio_tinymce panel-first-child panel-last-child\" data-index=\"6\" ><div class=\"textwidget\"><h1>Offtrack<\/h1>\n<\/div><\/div><\/div><\/div><div id=\"pg-1891-5\"  class=\"panel-grid panel-no-style\" ><div id=\"pgc-1891-5-0\"  class=\"panel-grid-cell\" ><div id=\"panel-1891-5-0-0\" class=\"so-panel widget_media_image panel-first-child panel-last-child\" data-index=\"7\" ><a href=\"http:\/\/www.offtrack.no\/\"><img width=\"300\" height=\"84\" src=\"https:\/\/www.emap.no\/wordpress\/wp-content\/uploads\/2021\/03\/offtrack-logo-orange-300x84.png\" class=\"image wp-image-1893  attachment-medium size-medium\" alt=\"\" loading=\"lazy\" style=\"max-width: 100%; height: auto;\" srcset=\"https:\/\/www.emap.no\/wordpress\/wp-content\/uploads\/2021\/03\/offtrack-logo-orange-300x84.png 300w, https:\/\/www.emap.no\/wordpress\/wp-content\/uploads\/2021\/03\/offtrack-logo-orange.png 768w, https:\/\/www.emap.no\/wordpress\/wp-content\/uploads\/2021\/03\/offtrack-logo-orange-350x98.png 350w\" sizes=\"100vw\" \/><\/a><\/div><\/div><div id=\"pgc-1891-5-1\"  class=\"panel-grid-cell\" ><div id=\"panel-1891-5-1-0\" class=\"so-panel widget_text panel-first-child panel-last-child\" data-index=\"8\" >\t\t\t<div class=\"textwidget\"><p>Offtrack produserer b\u00e5de kart og leverer kl\u00e6r og utstyr til orienteringsidretten. eMap drifter for tiden Offtrack butikk og selger O-sko, kl\u00e6r, kompass og annet utstyr, gjennom <a href=\"https:\/\/shop.offtrack.no\/\">nettbutikk<\/a> og direkte fra v\u00e5re kontorlokaler. I tillegg p\u00e5tar vi oss synfaringsoppdrag lokalt i Trondheim n\u00e5r det er behov for det.<\/p>\n<\/div>\n\t\t<\/div><\/div><\/div><div id=\"pg-1891-6\"  class=\"panel-grid panel-no-style\" ><div id=\"pgc-1891-6-0\"  class=\"panel-grid-cell\" ><div id=\"panel-1891-6-0-0\" class=\"so-panel widget_black-studio-tinymce widget_black_studio_tinymce panel-first-child panel-last-child\" data-index=\"9\" ><div class=\"textwidget\"><h1>Cappelen Damm<\/h1>\n<\/div><\/div><\/div><\/div><div id=\"pg-1891-7\"  class=\"panel-grid panel-no-style\" ><div id=\"pgc-1891-7-0\"  class=\"panel-grid-cell\" ><div id=\"panel-1891-7-0-0\" class=\"so-panel widget_media_image panel-first-child panel-last-child\" data-index=\"10\" ><a href=\"https:\/\/www.cappelendamm.no\/\"><img width=\"300\" height=\"53\" src=\"https:\/\/www.emap.no\/wordpress\/wp-content\/uploads\/2021\/03\/cappelendamm-logo-300x53.png\" class=\"image wp-image-1909  attachment-medium size-medium\" alt=\"\" loading=\"lazy\" style=\"max-width: 100%; height: auto;\" srcset=\"https:\/\/www.emap.no\/wordpress\/wp-content\/uploads\/2021\/03\/cappelendamm-logo-300x53.png 300w, https:\/\/www.emap.no\/wordpress\/wp-content\/uploads\/2021\/03\/cappelendamm-logo-350x61.png 350w, https:\/\/www.emap.no\/wordpress\/wp-content\/uploads\/2021\/03\/cappelendamm-logo.png 742w\" sizes=\"100vw\" \/><\/a><\/div><\/div><div id=\"pgc-1891-7-1\"  class=\"panel-grid-cell\" ><div id=\"panel-1891-7-1-0\" class=\"so-panel widget_text panel-first-child panel-last-child\" data-index=\"11\" >\t\t\t<div class=\"textwidget\"><p>Cappelen, og senere Cappelen Damm har v\u00e6rt en av v\u00e5re viktigste oppdragsgivere siden oppstarten der vi har bist\u00e5tt med produksjon av flere av Cappeln Damm sine kart, deriblant norgeskartb\u00f8ker og Oslo-kartene.<\/p>\n<\/div>\n\t\t<\/div><\/div><\/div><\/div>","protected":false},"excerpt":{"rendered":"<p>Fagtrykk AS Fagtrykk er v\u00e5r samarbeidspartner p\u00e5 veggkart, informasjonstavler og veivsningsskilt. De har en moderne maskinpark kombinert og god teknisk og faglig kompetanse og har i en \u00e5rrekke produsert produkter av h\u00f8y kvalitet for oss.<\/p>\n","protected":false},"author":1,"featured_media":0,"parent":36,"menu_order":0,"comment_status":"closed","ping_status":"closed","template":"","meta":{"spay_email":""},"jetpack_shortlink":"https:\/\/wp.me\/P7l827-uv","_links":{"self":[{"href":"https:\/\/www.emap.no\/wordpress\/wp-json\/wp\/v2\/pages\/1891"}],"collection":[{"href":"https:\/\/www.emap.no\/wordpress\/wp-json\/wp\/v2\/pages"}],"about":[{"href":"https:\/\/www.emap.no\/wordpress\/wp-json\/wp\/v2\/types\/page"}],"author":[{"embeddable":true,"href":"https:\/\/www.emap.no\/wordpress\/wp-json\/wp\/v2\/users\/1"}],"replies":[{"embeddable":true,"href":"https:\/\/www.emap.no\/wordpress\/wp-json\/wp\/v2\/comments?post=1891"}],"version-history":[{"count":27,"href":"https:\/\/www.emap.no\/wordpress\/wp-json\/wp\/v2\/pages\/1891\/revisions"}],"predecessor-version":[{"id":1923,"href":"https:\/\/www.emap.no\/wordpress\/wp-json\/wp\/v2\/pages\/1891\/revisions\/1923"}],"up":[{"embeddable":true,"href":"https:\/\/www.emap.no\/wordpress\/wp-json\/wp\/v2\/pages\/36"}],"wp:attachment":[{"href":"https:\/\/www.emap.no\/wordpress\/wp-json\/wp\/v2\/media?parent=1891"}],"curies":[{"name":"wp","href":"https:\/\/api.w.org\/{rel}","templated":true}]}}