{"id":2561,"date":"2022-05-20T14:26:20","date_gmt":"2022-05-20T13:26:20","guid":{"rendered":"https:\/\/www.emap.no\/wordpress\/?page_id=2561"},"modified":"2022-05-31T09:48:54","modified_gmt":"2022-05-31T08:48:54","slug":"sport-og-idrett","status":"publish","type":"page","link":"https:\/\/www.emap.no\/wordpress\/produkter\/sport-og-idrett\/","title":{"rendered":"Sport og idrett"},"content":{"rendered":"\n<p>Vi lager l\u00f8ypekart til ditt idrettsarrangement. Vi har laget kart til flere skirenn, gate- og terrengl\u00f8p. Vi har ogs\u00e5 laget kart til seilflymesterskap, deriblant to VM. Sykelritt fikser vi ogs\u00e5. Vi lager gjerne ogs\u00e5 banekart til golf og frisbeegolf med tee-skilt. Vi lager ogs\u00e5 orienteringskart i samarbeid med <a href=\"http:\/\/www.offtrack.no\/\">Offtrack<\/a>. Deriblant tilbyr vi bla. framstilling av synfaringsgrunnlag og rentegning.<\/p>\n\n\n\n<p>Kartene tilpasses utskrift p\u00e5 A4 og visning p\u00e5 Web. Vi kan ogs\u00e5 lage zoombare web-l\u00f8sninger.<\/p>\n\n\n\n<p>Her har du noen eksempler:<\/p>\n\n\n<div id=\"metaslider-id-2564\" style=\"width: 100%;\" class=\"ml-slider-3-92-0 metaslider metaslider-flex metaslider-2564 ml-slider ml-slider-lightbox-1-13-2 firelight-lightbox-2-3-4 ms-theme-default\" role=\"region\" aria-roledescription=\"Slideshow\" aria-label=\"Sport og Idrett\">\n    <div id=\"metaslider_container_2564\">\n        <div id=\"metaslider_2564\">\n            <ul class='slides'>\n                <li style=\"display: none; width: 100%;\" class=\"slide-2565 ms-image \" aria-roledescription=\"slide\" aria-label=\"slide-2565\"><a href=\"https:\/\/www.emap.no\/wordpress\/wp-content\/uploads\/2016\/09\/pilegrimsrennet2016.jpg\" target=\"_self\" class=\"metaslider_image_link\" rel=\"lightbox[2564]\"><img src=\"https:\/\/www.emap.no\/wordpress\/wp-content\/uploads\/2016\/09\/pilegrimsrennet2016-250x250.jpg\" height=\"250\" width=\"250\" alt=\"\" class=\"slider-2564 slide-2565\" title=\"Pilegrimsrennet 2016\" \/><\/a><div class=\"caption-wrap\"><div class=\"caption\">Pilegrimsrennet 2016<\/div><\/div><\/li>\n                <li style=\"display: none; width: 100%;\" class=\"slide-2566 ms-image \" aria-roledescription=\"slide\" aria-label=\"slide-2566\"><a href=\"https:\/\/www.emap.no\/wordpress\/wp-content\/uploads\/2016\/09\/HL-75km-2011.jpg\" target=\"_self\" class=\"metaslider_image_link\" rel=\"lightbox[2564]\"><img src=\"https:\/\/www.emap.no\/wordpress\/wp-content\/uploads\/2016\/09\/HL-75km-2011-250x250.jpg\" height=\"250\" width=\"250\" alt=\"\" class=\"slider-2564 slide-2566\" title=\"Hovedlandsrennet 2011\" \/><\/a><div class=\"caption-wrap\"><div class=\"caption\">Hovedlandsrennet 2011<\/div><\/div><\/li>\n                <li style=\"display: none; width: 100%;\" class=\"slide-2568 ms-image \" aria-roledescription=\"slide\" aria-label=\"slide-2568\"><a href=\"https:\/\/www.emap.no\/wordpress\/wp-content\/uploads\/2016\/03\/slider-skirennkart.jpg\" target=\"_self\" class=\"metaslider_image_link\" rel=\"lightbox[2564]\"><img src=\"https:\/\/www.emap.no\/wordpress\/wp-content\/uploads\/2016\/03\/slider-skirennkart-250x250.jpg\" height=\"250\" width=\"250\" alt=\"\" class=\"slider-2564 slide-2568\" title=\"Arenakart\" \/><\/a><div class=\"caption-wrap\"><div class=\"caption\">Worldcup, Gran\u00e5sen<\/div><\/div><\/li>\n                <li style=\"display: none; width: 100%;\" class=\"slide-2570 ms-image \" aria-roledescription=\"slide\" aria-label=\"slide-2570\"><a href=\"https:\/\/www.emap.no\/wordpress\/wp-content\/uploads\/2022\/05\/trondheim_maraton_2022.jpg\" target=\"_self\" class=\"metaslider_image_link\" rel=\"lightbox[2564]\"><img src=\"https:\/\/www.emap.no\/wordpress\/wp-content\/uploads\/2022\/05\/trondheim_maraton_2022-250x250.jpg\" height=\"250\" width=\"250\" alt=\"\" class=\"slider-2564 slide-2570\" title=\"Trondheim Maraton\" \/><\/a><div class=\"caption-wrap\"><div class=\"caption\">Trondheim Maraton<\/div><\/div><\/li>\n                <li style=\"display: none; width: 100%;\" class=\"slide-2571 ms-image \" aria-roledescription=\"slide\" aria-label=\"slide-2571\"><a href=\"https:\/\/www.emap.no\/wordpress\/wp-content\/uploads\/2022\/05\/wgc2006-kartutsnitt.jpg\" target=\"_self\" class=\"metaslider_image_link\" rel=\"lightbox[2564]\"><img src=\"https:\/\/www.emap.no\/wordpress\/wp-content\/uploads\/2022\/05\/wgc2006-kartutsnitt-250x250.jpg\" height=\"250\" width=\"250\" alt=\"\" class=\"slider-2564 slide-2571\" title=\"VM Seilflyging\" \/><\/a><div class=\"caption-wrap\"><div class=\"caption\">World Gliding Championships<\/div><\/div><\/li>\n                <li style=\"display: none; width: 100%;\" class=\"slide-2575 ms-image \" aria-roledescription=\"slide\" aria-label=\"slide-2575\"><a href=\"https:\/\/www.emap.no\/wordpress\/wp-content\/uploads\/2022\/05\/herbernheia.png\" target=\"_self\" class=\"metaslider_image_link\" rel=\"lightbox[2564]\"><img src=\"https:\/\/www.emap.no\/wordpress\/wp-content\/uploads\/2022\/05\/herbernheia-250x250.png\" height=\"250\" width=\"250\" alt=\"\" class=\"slider-2564 slide-2575\" title=\"Orienteringskart\" \/><\/a><div class=\"caption-wrap\"><div class=\"caption\">O-kart, Herbernheia<\/div><\/div><\/li>\n            <\/ul>\n        <\/div>\n        \n    <\/div>\n<\/div>\n\n\n\n<p><\/p>\n","protected":false},"excerpt":{"rendered":"<p>Vi lager l\u00f8ypekart til ditt idrettsarrangement. Vi har laget kart til flere skirenn, gate- og terrengl\u00f8p. Vi har ogs\u00e5 laget kart til seilflymesterskap, deriblant to VM. Sykelritt fikser vi ogs\u00e5. Vi lager gjerne ogs\u00e5 banekart til golf og frisbeegolf med tee-skilt. Vi lager ogs\u00e5 orienteringskart i samarbeid med Offtrack. Deriblant tilbyr vi bla. framstilling av &hellip; <\/p>\n<p class=\"link-more\"><a href=\"https:\/\/www.emap.no\/wordpress\/produkter\/sport-og-idrett\/\" class=\"more-link\">Fortsett \u00e5 lese<span class=\"screen-reader-text\"> \u00abSport og idrett\u00bb<\/span><\/a><\/p>\n","protected":false},"author":1,"featured_media":0,"parent":433,"menu_order":0,"comment_status":"closed","ping_status":"closed","template":"","meta":{"spay_email":""},"jetpack_shortlink":"https:\/\/wp.me\/P7l827-Fj","_links":{"self":[{"href":"https:\/\/www.emap.no\/wordpress\/wp-json\/wp\/v2\/pages\/2561"}],"collection":[{"href":"https:\/\/www.emap.no\/wordpress\/wp-json\/wp\/v2\/pages"}],"about":[{"href":"https:\/\/www.emap.no\/wordpress\/wp-json\/wp\/v2\/types\/page"}],"author":[{"embeddable":true,"href":"https:\/\/www.emap.no\/wordpress\/wp-json\/wp\/v2\/users\/1"}],"replies":[{"embeddable":true,"href":"https:\/\/www.emap.no\/wordpress\/wp-json\/wp\/v2\/comments?post=2561"}],"version-history":[{"count":3,"href":"https:\/\/www.emap.no\/wordpress\/wp-json\/wp\/v2\/pages\/2561\/revisions"}],"predecessor-version":[{"id":2572,"href":"https:\/\/www.emap.no\/wordpress\/wp-json\/wp\/v2\/pages\/2561\/revisions\/2572"}],"up":[{"embeddable":true,"href":"https:\/\/www.emap.no\/wordpress\/wp-json\/wp\/v2\/pages\/433"}],"wp:attachment":[{"href":"https:\/\/www.emap.no\/wordpress\/wp-json\/wp\/v2\/media?parent=2561"}],"curies":[{"name":"wp","href":"https:\/\/api.w.org\/{rel}","templated":true}]}}