{"id":271,"date":"2016-03-16T12:36:08","date_gmt":"2016-03-16T11:36:08","guid":{"rendered":"http:\/\/www.emap.no\/wordpress\/?page_id=271"},"modified":"2023-04-19T15:40:41","modified_gmt":"2023-04-19T14:40:41","slug":"hva-gjor-vi","status":"publish","type":"page","link":"https:\/\/www.emap.no\/wordpress\/om-oss\/hva-gjor-vi\/","title":{"rendered":"Hva gj\u00f8r vi"},"content":{"rendered":"<p><a href=\"https:\/\/www.emap.no\/wordpress\/wp-content\/uploads\/2016\/03\/cartographerb.jpg\"><img loading=\"lazy\" class=\"alignright wp-image-346 size-medium\" src=\"https:\/\/www.emap.no\/wordpress\/wp-content\/uploads\/2016\/03\/cartographerb-300x230.jpg\" alt=\"\" width=\"300\" height=\"230\" srcset=\"https:\/\/www.emap.no\/wordpress\/wp-content\/uploads\/2016\/03\/cartographerb-300x230.jpg 300w, https:\/\/www.emap.no\/wordpress\/wp-content\/uploads\/2016\/03\/cartographerb-350x268.jpg 350w, https:\/\/www.emap.no\/wordpress\/wp-content\/uploads\/2016\/03\/cartographerb-768x588.jpg 768w, https:\/\/www.emap.no\/wordpress\/wp-content\/uploads\/2016\/03\/cartographerb-772x591.jpg 772w, https:\/\/www.emap.no\/wordpress\/wp-content\/uploads\/2016\/03\/cartographerb-251x192.jpg 251w, https:\/\/www.emap.no\/wordpress\/wp-content\/uploads\/2016\/03\/cartographerb.jpg 800w\" sizes=\"(max-width: 300px) 100vw, 300px\" \/><\/a><br \/>\nVi i eMap produserer kart og tilh\u00f8rende grafiske produkter til alle form\u00e5l. V\u00e5rt m\u00e5l er \u00e5 produsere tiltalende og intuitive kart som er nyttige og brukervennlige for sluttbrukeren. Blant de tingene vi produserer er vanlige papirkart, veggkart\/hyttekart, informasjonstavler, b\u00f8ker og brosjyrer, turskilt, mm. Se v\u00e5re <a href=\"https:\/\/www.emap.no\/wordpress\/produkter\/\">produkt-sider<\/a> for n\u00e6rmere beskrivelse.<\/p>\n<p>Vi startet allerede i 1988 med \u00e5 tegne orienteringskart p\u00e5 data. Siden den gang har vi ligget i forkant av den kartografiske utviklingen, og vi har vunnet flere priser og anerkjennelse for v\u00e5re produksjoner. 11 diplomer for &#8220;Beste kart&#8221; ved Geomatikkdagenes kartutstilling og god omtale i ulike medier som i avistester p\u00e5 bil- og turistkart, bykart og ikke minste <a href=\"https:\/\/www.cappelendamm.no\/_kart\">Cappelen Damms kartserie<\/a> hvor vi har bidratt som underleverand\u00f8r.<\/p>\n<p>Det meste av v\u00e5r produksjon er p\u00e5 oppdrag fra offentlige og private kunder. Vi utgir ogs\u00e5 kart p\u00e5 eget forlag, deriblant kart og kartbok over Trondheim og Trondheimsregionen.<\/p>\n<p>Vi p\u00e5tar oss ogs\u00e5 oppdrag innen r\u00e5dgiving\/oppl\u00e6ring i kart og kartografi, samt tjenester innen analyse, datakonvertering og andre GIS-relaterte oppdrag.<\/p>\n","protected":false},"excerpt":{"rendered":"<p>Vi i eMap produserer kart og tilh\u00f8rende grafiske produkter til alle form\u00e5l. V\u00e5rt m\u00e5l er \u00e5 produsere tiltalende og intuitive kart som er nyttige og brukervennlige for sluttbrukeren. Blant de tingene vi produserer er vanlige papirkart, veggkart\/hyttekart, informasjonstavler, b\u00f8ker og brosjyrer, turskilt, mm. Se v\u00e5re produkt-sider for n\u00e6rmere beskrivelse. Vi startet allerede i 1988 med &hellip; <\/p>\n<p class=\"link-more\"><a href=\"https:\/\/www.emap.no\/wordpress\/om-oss\/hva-gjor-vi\/\" class=\"more-link\">Fortsett \u00e5 lese<span class=\"screen-reader-text\"> \u00abHva gj\u00f8r vi\u00bb<\/span><\/a><\/p>\n","protected":false},"author":1,"featured_media":0,"parent":36,"menu_order":0,"comment_status":"closed","ping_status":"closed","template":"","meta":{"spay_email":""},"jetpack_shortlink":"https:\/\/wp.me\/P7l827-4n","_links":{"self":[{"href":"https:\/\/www.emap.no\/wordpress\/wp-json\/wp\/v2\/pages\/271"}],"collection":[{"href":"https:\/\/www.emap.no\/wordpress\/wp-json\/wp\/v2\/pages"}],"about":[{"href":"https:\/\/www.emap.no\/wordpress\/wp-json\/wp\/v2\/types\/page"}],"author":[{"embeddable":true,"href":"https:\/\/www.emap.no\/wordpress\/wp-json\/wp\/v2\/users\/1"}],"replies":[{"embeddable":true,"href":"https:\/\/www.emap.no\/wordpress\/wp-json\/wp\/v2\/comments?post=271"}],"version-history":[{"count":14,"href":"https:\/\/www.emap.no\/wordpress\/wp-json\/wp\/v2\/pages\/271\/revisions"}],"predecessor-version":[{"id":2667,"href":"https:\/\/www.emap.no\/wordpress\/wp-json\/wp\/v2\/pages\/271\/revisions\/2667"}],"up":[{"embeddable":true,"href":"https:\/\/www.emap.no\/wordpress\/wp-json\/wp\/v2\/pages\/36"}],"wp:attachment":[{"href":"https:\/\/www.emap.no\/wordpress\/wp-json\/wp\/v2\/media?parent=271"}],"curies":[{"name":"wp","href":"https:\/\/api.w.org\/{rel}","templated":true}]}}