{"id":433,"date":"2016-09-21T09:26:35","date_gmt":"2016-09-21T08:26:35","guid":{"rendered":"http:\/\/www.emap.no\/wordpress\/?page_id=433"},"modified":"2022-05-31T10:32:26","modified_gmt":"2022-05-31T09:32:26","slug":"produkter","status":"publish","type":"page","link":"https:\/\/www.emap.no\/wordpress\/produkter\/","title":{"rendered":"Produkter"},"content":{"rendered":"<div id=\"pl-433\"  class=\"panel-layout\" ><div id=\"pg-433-0\"  class=\"panel-grid panel-no-style\" ><div id=\"pgc-433-0-0\"  class=\"panel-grid-cell\" ><div id=\"panel-433-0-0-0\" class=\"so-panel widget_black-studio-tinymce widget_black_studio_tinymce panel-first-child panel-last-child\" data-index=\"0\" ><div class=\"textwidget\"><p>\u00d8nsker du \u00e5 kj\u00f8pe et kart av oss, kan du g\u00e5 til v\u00e5r <a href=\"https:\/\/www.freewebstore.org\/emap-nettbutikk\">nettbutikk<\/a>.<\/p>\n<p>\u00d8nsker du \u00e5 f\u00e5 produsert et kart hos oss, da har du kommet til rett sted. Vi legger v\u00e5r sjel i \u00e5 produsere gode og tiltalende kart til ethvert form\u00e5l. Velg en av kategoriene nedenfor for mer informasjon.<\/p>\n<p>&nbsp;<\/p>\n<\/div><\/div><\/div><\/div><div id=\"pg-433-1\"  class=\"panel-grid panel-no-style\" ><div id=\"pgc-433-1-0\"  class=\"panel-grid-cell\" ><div id=\"panel-433-1-0-0\" class=\"so-panel widget_sow-image panel-first-child panel-last-child\" data-index=\"1\" ><div\n\t\t\t\n\t\t\tclass=\"so-widget-sow-image so-widget-sow-image-default-5b99f59c01c9-433\"\n\t\t\t\n\t\t>\n\n<div class=\"sow-image-container\">\n\t\t\t<a href=\"https:\/\/www.emap.no\/wordpress\/produkter\/tur-og-friluftsliv\/\"\n\t\t\t\t\t>\n\t\t\t<img src=\"https:\/\/www.emap.no\/wordpress\/wp-content\/uploads\/2018\/10\/pb_friluftsliv.jpg\" width=\"800\" height=\"600\" srcset=\"https:\/\/www.emap.no\/wordpress\/wp-content\/uploads\/2018\/10\/pb_friluftsliv.jpg 800w, https:\/\/www.emap.no\/wordpress\/wp-content\/uploads\/2018\/10\/pb_friluftsliv-350x263.jpg 350w, https:\/\/www.emap.no\/wordpress\/wp-content\/uploads\/2018\/10\/pb_friluftsliv-300x225.jpg 300w, https:\/\/www.emap.no\/wordpress\/wp-content\/uploads\/2018\/10\/pb_friluftsliv-768x576.jpg 768w\" sizes=\"(max-width: 706px) 89vw, (max-width: 767px) 82vw, 740px\" title=\"Friluftsliv\" alt=\"\" loading=\"lazy\" \t\tclass=\"so-widget-image\"\/>\n\t<\/a><\/div>\n\n<h3 class=\"widget-title\">Friluftsliv<\/h3><\/div><\/div><\/div><div id=\"pgc-433-1-1\"  class=\"panel-grid-cell\" ><div id=\"panel-433-1-1-0\" class=\"so-panel widget_sow-image panel-first-child panel-last-child\" data-index=\"2\" ><div\n\t\t\t\n\t\t\tclass=\"so-widget-sow-image so-widget-sow-image-default-5b99f59c01c9-433\"\n\t\t\t\n\t\t>\n\n<div class=\"sow-image-container\">\n\t\t\t<a href=\"https:\/\/www.emap.no\/wordpress\/produkter\/turisme\/\"\n\t\t\t\t\t>\n\t\t\t<img src=\"https:\/\/www.emap.no\/wordpress\/wp-content\/uploads\/2018\/10\/turistkart.jpg\" width=\"1200\" height=\"900\" srcset=\"https:\/\/www.emap.no\/wordpress\/wp-content\/uploads\/2018\/10\/turistkart.jpg 1200w, https:\/\/www.emap.no\/wordpress\/wp-content\/uploads\/2018\/10\/turistkart-350x263.jpg 350w, https:\/\/www.emap.no\/wordpress\/wp-content\/uploads\/2018\/10\/turistkart-300x225.jpg 300w, https:\/\/www.emap.no\/wordpress\/wp-content\/uploads\/2018\/10\/turistkart-768x576.jpg 768w, https:\/\/www.emap.no\/wordpress\/wp-content\/uploads\/2018\/10\/turistkart-1024x768.jpg 1024w\" sizes=\"(max-width: 706px) 89vw, (max-width: 767px) 82vw, 740px\" title=\"Turisme\" alt=\"\" loading=\"lazy\" \t\tclass=\"so-widget-image\"\/>\n\t<\/a><\/div>\n\n<h3 class=\"widget-title\">Turisme<\/h3><\/div><\/div><\/div><div id=\"pgc-433-1-2\"  class=\"panel-grid-cell\" ><div id=\"panel-433-1-2-0\" class=\"so-panel widget_sow-image panel-first-child panel-last-child\" data-index=\"3\" ><div\n\t\t\t\n\t\t\tclass=\"so-widget-sow-image so-widget-sow-image-default-8b5b6f678277-433\"\n\t\t\t\n\t\t>\n\n<div class=\"sow-image-container\">\n\t\t\t<a href=\"https:\/\/www.emap.no\/wordpress\/produkter\/bykart-gatekart\/\"\n\t\t\t\t\t>\n\t\t\t<img src=\"https:\/\/www.emap.no\/wordpress\/wp-content\/uploads\/2018\/10\/city-1.jpg\" width=\"1200\" height=\"900\" srcset=\"https:\/\/www.emap.no\/wordpress\/wp-content\/uploads\/2018\/10\/city-1.jpg 1200w, https:\/\/www.emap.no\/wordpress\/wp-content\/uploads\/2018\/10\/city-1-350x263.jpg 350w, https:\/\/www.emap.no\/wordpress\/wp-content\/uploads\/2018\/10\/city-1-300x225.jpg 300w, https:\/\/www.emap.no\/wordpress\/wp-content\/uploads\/2018\/10\/city-1-768x576.jpg 768w, https:\/\/www.emap.no\/wordpress\/wp-content\/uploads\/2018\/10\/city-1-1024x768.jpg 1024w\" sizes=\"(max-width: 706px) 89vw, (max-width: 767px) 82vw, 740px\" title=\"Bykart, gatekart\" alt=\"\" loading=\"lazy\" \t\tclass=\"so-widget-image\"\/>\n\t<\/a><\/div>\n\n<h3 class=\"widget-title\">Bykart, gatekart<\/h3><\/div><\/div><\/div><\/div><div id=\"pg-433-2\"  class=\"panel-grid panel-no-style\" ><div id=\"pgc-433-2-0\"  class=\"panel-grid-cell\" ><div id=\"panel-433-2-0-0\" class=\"so-panel widget_sow-image panel-first-child panel-last-child\" data-index=\"4\" ><div\n\t\t\t\n\t\t\tclass=\"so-widget-sow-image so-widget-sow-image-default-8b5b6f678277-433\"\n\t\t\t\n\t\t>\n\n<div class=\"sow-image-container\">\n\t\t\t<a href=\"https:\/\/www.emap.no\/wordpress\/produkter\/veggkart\/\"\n\t\t\t\t\t>\n\t\t\t<img src=\"https:\/\/www.emap.no\/wordpress\/wp-content\/uploads\/2018\/10\/wallmap-1.jpg\" width=\"1200\" height=\"900\" srcset=\"https:\/\/www.emap.no\/wordpress\/wp-content\/uploads\/2018\/10\/wallmap-1.jpg 1200w, https:\/\/www.emap.no\/wordpress\/wp-content\/uploads\/2018\/10\/wallmap-1-350x263.jpg 350w, https:\/\/www.emap.no\/wordpress\/wp-content\/uploads\/2018\/10\/wallmap-1-300x225.jpg 300w, https:\/\/www.emap.no\/wordpress\/wp-content\/uploads\/2018\/10\/wallmap-1-768x576.jpg 768w, https:\/\/www.emap.no\/wordpress\/wp-content\/uploads\/2018\/10\/wallmap-1-1024x768.jpg 1024w\" sizes=\"(max-width: 706px) 89vw, (max-width: 767px) 82vw, 740px\" title=\"Veggkart\" alt=\"\" loading=\"lazy\" \t\tclass=\"so-widget-image\"\/>\n\t<\/a><\/div>\n\n<h3 class=\"widget-title\">Veggkart<\/h3><\/div><\/div><\/div><div id=\"pgc-433-2-1\"  class=\"panel-grid-cell\" ><div id=\"panel-433-2-1-0\" class=\"so-panel widget_sow-image panel-first-child panel-last-child\" data-index=\"5\" ><div\n\t\t\t\n\t\t\tclass=\"so-widget-sow-image so-widget-sow-image-default-8b5b6f678277-433\"\n\t\t\t\n\t\t>\n\n<div class=\"sow-image-container\">\n\t\t\t<a href=\"https:\/\/www.emap.no\/wordpress\/produkter\/sport-og-idrett\/\"\n\t\t\t\t\t>\n\t\t\t<img src=\"https:\/\/www.emap.no\/wordpress\/wp-content\/uploads\/2022\/05\/sport.jpg\" width=\"1200\" height=\"900\" srcset=\"https:\/\/www.emap.no\/wordpress\/wp-content\/uploads\/2022\/05\/sport.jpg 1200w, https:\/\/www.emap.no\/wordpress\/wp-content\/uploads\/2022\/05\/sport-300x225.jpg 300w, https:\/\/www.emap.no\/wordpress\/wp-content\/uploads\/2022\/05\/sport-1024x768.jpg 1024w, https:\/\/www.emap.no\/wordpress\/wp-content\/uploads\/2022\/05\/sport-768x576.jpg 768w\" sizes=\"(max-width: 706px) 89vw, (max-width: 767px) 82vw, 740px\" title=\"Sport og idrett\" alt=\"Sport og idrett\" loading=\"lazy\" \t\tclass=\"so-widget-image\"\/>\n\t<\/a><\/div>\n\n<h3 class=\"widget-title\">Sport og idrett<\/h3><\/div><\/div><\/div><div id=\"pgc-433-2-2\"  class=\"panel-grid-cell\" ><div id=\"panel-433-2-2-0\" class=\"so-panel widget_sow-image panel-first-child panel-last-child\" data-index=\"6\" ><div\n\t\t\t\n\t\t\tclass=\"so-widget-sow-image so-widget-sow-image-default-8b5b6f678277-433\"\n\t\t\t\n\t\t>\n\n<div class=\"sow-image-container\">\n\t\t\t<a href=\"https:\/\/www.emap.no\/wordpress\/produkter\/illustrasjonskart\/\"\n\t\t\t\t\t>\n\t\t\t<img src=\"https:\/\/www.emap.no\/wordpress\/wp-content\/uploads\/2018\/10\/mapillustration-1.jpg\" width=\"1200\" height=\"900\" srcset=\"https:\/\/www.emap.no\/wordpress\/wp-content\/uploads\/2018\/10\/mapillustration-1.jpg 1200w, https:\/\/www.emap.no\/wordpress\/wp-content\/uploads\/2018\/10\/mapillustration-1-350x263.jpg 350w, https:\/\/www.emap.no\/wordpress\/wp-content\/uploads\/2018\/10\/mapillustration-1-300x225.jpg 300w, https:\/\/www.emap.no\/wordpress\/wp-content\/uploads\/2018\/10\/mapillustration-1-768x576.jpg 768w, https:\/\/www.emap.no\/wordpress\/wp-content\/uploads\/2018\/10\/mapillustration-1-1024x768.jpg 1024w\" sizes=\"(max-width: 706px) 89vw, (max-width: 767px) 82vw, 740px\" title=\"Illustrasjonskart\" alt=\"\" loading=\"lazy\" \t\tclass=\"so-widget-image\"\/>\n\t<\/a><\/div>\n\n<h3 class=\"widget-title\">Illustrasjonskart<\/h3><\/div><\/div><\/div><\/div><\/div>","protected":false},"excerpt":{"rendered":"<p>\u00d8nsker du \u00e5 kj\u00f8pe et kart av oss, kan du g\u00e5 til v\u00e5r nettbutikk. \u00d8nsker du \u00e5 f\u00e5 produsert et kart hos oss, da har du kommet til rett sted. Vi legger v\u00e5r sjel i \u00e5 produsere gode og tiltalende kart til ethvert form\u00e5l. Velg en av kategoriene nedenfor for mer informasjon. &nbsp;<\/p>\n","protected":false},"author":1,"featured_media":0,"parent":0,"menu_order":0,"comment_status":"closed","ping_status":"closed","template":"","meta":{"spay_email":""},"jetpack_shortlink":"https:\/\/wp.me\/P7l827-6Z","_links":{"self":[{"href":"https:\/\/www.emap.no\/wordpress\/wp-json\/wp\/v2\/pages\/433"}],"collection":[{"href":"https:\/\/www.emap.no\/wordpress\/wp-json\/wp\/v2\/pages"}],"about":[{"href":"https:\/\/www.emap.no\/wordpress\/wp-json\/wp\/v2\/types\/page"}],"author":[{"embeddable":true,"href":"https:\/\/www.emap.no\/wordpress\/wp-json\/wp\/v2\/users\/1"}],"replies":[{"embeddable":true,"href":"https:\/\/www.emap.no\/wordpress\/wp-json\/wp\/v2\/comments?post=433"}],"version-history":[{"count":47,"href":"https:\/\/www.emap.no\/wordpress\/wp-json\/wp\/v2\/pages\/433\/revisions"}],"predecessor-version":[{"id":2584,"href":"https:\/\/www.emap.no\/wordpress\/wp-json\/wp\/v2\/pages\/433\/revisions\/2584"}],"wp:attachment":[{"href":"https:\/\/www.emap.no\/wordpress\/wp-json\/wp\/v2\/media?parent=433"}],"curies":[{"name":"wp","href":"https:\/\/api.w.org\/{rel}","templated":true}]}}