{"id":435,"date":"2016-09-21T09:30:06","date_gmt":"2016-09-21T08:30:06","guid":{"rendered":"http:\/\/www.emap.no\/wordpress\/?page_id=435"},"modified":"2022-01-27T12:03:27","modified_gmt":"2022-01-27T11:03:27","slug":"nettbutikk","status":"publish","type":"page","link":"https:\/\/www.emap.no\/wordpress\/nettbutikk\/","title":{"rendered":"Webshop"},"content":{"rendered":"<p>V\u00e5re kart kan du kj\u00f8pe p\u00e5:<\/p>\n<p><a href=\"https:\/\/finekart.no\"><img loading=\"lazy\" class=\"wp-image-2126 size-full alignnone\" src=\"https:\/\/www.emap.no\/wordpress\/wp-content\/uploads\/2021\/10\/Finekart_logo_hvit.png\" alt=\"Finekart.no\" width=\"281\" height=\"91\" \/><\/a><\/p>\n<p>Eller, om du \u00f8nsker \u00e5 f\u00e5 produsert et kart hos, g\u00e5 til <a href=\"https:\/\/www.emap.no\/wordpress\/produkter\/\">produktsiden<\/a>.<\/p>\n<p>\u00a0<\/p>\n\n\n<p><\/p>\n","protected":false},"excerpt":{"rendered":"<p>V\u00e5re kart kan du kj\u00f8pe p\u00e5: Eller, om du \u00f8nsker \u00e5 f\u00e5 produsert et kart hos, g\u00e5 til produktsiden. \u00a0<\/p>\n","protected":false},"author":1,"featured_media":0,"parent":0,"menu_order":0,"comment_status":"closed","ping_status":"closed","template":"","meta":{"spay_email":""},"jetpack_shortlink":"https:\/\/wp.me\/P7l827-71","_links":{"self":[{"href":"https:\/\/www.emap.no\/wordpress\/wp-json\/wp\/v2\/pages\/435"}],"collection":[{"href":"https:\/\/www.emap.no\/wordpress\/wp-json\/wp\/v2\/pages"}],"about":[{"href":"https:\/\/www.emap.no\/wordpress\/wp-json\/wp\/v2\/types\/page"}],"author":[{"embeddable":true,"href":"https:\/\/www.emap.no\/wordpress\/wp-json\/wp\/v2\/users\/1"}],"replies":[{"embeddable":true,"href":"https:\/\/www.emap.no\/wordpress\/wp-json\/wp\/v2\/comments?post=435"}],"version-history":[{"count":10,"href":"https:\/\/www.emap.no\/wordpress\/wp-json\/wp\/v2\/pages\/435\/revisions"}],"predecessor-version":[{"id":2142,"href":"https:\/\/www.emap.no\/wordpress\/wp-json\/wp\/v2\/pages\/435\/revisions\/2142"}],"wp:attachment":[{"href":"https:\/\/www.emap.no\/wordpress\/wp-json\/wp\/v2\/media?parent=435"}],"curies":[{"name":"wp","href":"https:\/\/api.w.org\/{rel}","templated":true}]}}