{"id":442,"date":"2016-09-21T09:46:36","date_gmt":"2016-09-21T08:46:36","guid":{"rendered":"http:\/\/www.emap.no\/wordpress\/?page_id=442"},"modified":"2019-01-09T10:38:44","modified_gmt":"2019-01-09T09:38:44","slug":"turkart","status":"publish","type":"page","link":"https:\/\/www.emap.no\/wordpress\/produkter\/tur-og-friluftsliv\/turkart\/","title":{"rendered":"Turkart"},"content":{"rendered":"<p><!--more--><\/p>\n<div id=\"metaslider-id-896\" style=\"width: 100%;\" class=\"ml-slider-3-92-0 metaslider metaslider-flex metaslider-896 ml-slider ml-slider-lightbox-1-13-2 firelight-lightbox-2-3-4 ms-theme-default\" role=\"region\" aria-roledescription=\"Slideshow\" aria-label=\"Turkart\">\n    <div id=\"metaslider_container_896\">\n        <div id=\"metaslider_896\">\n            <ul class='slides'>\n                <li style=\"display: none; width: 100%;\" class=\"slide-897 ms-image \" aria-roledescription=\"slide\" aria-label=\"slide-897\"><a href=\"https:\/\/www.emap.no\/wordpress\/wp-content\/uploads\/2016\/03\/Venabygdsfjellet-2015.jpg\" target=\"_self\" class=\"metaslider_image_link\" rel=\"lightbox[896]\"><img src=\"https:\/\/www.emap.no\/wordpress\/wp-content\/uploads\/2016\/03\/Venabygdsfjellet-2015-250x250.jpg\" height=\"250\" width=\"250\" alt=\"\" class=\"slider-896 slide-897\" \/><\/a><div class=\"caption-wrap\"><div class=\"caption\">Venabygdsfjellet, 2015 <\/div><\/div><\/li>\n                <li style=\"display: none; width: 100%;\" class=\"slide-898 ms-image \" aria-roledescription=\"slide\" aria-label=\"slide-898\"><a href=\"https:\/\/www.emap.no\/wordpress\/wp-content\/uploads\/2016\/03\/Skaun-turkart-2015.jpg\" target=\"_self\" class=\"metaslider_image_link\" rel=\"lightbox[896]\"><img src=\"https:\/\/www.emap.no\/wordpress\/wp-content\/uploads\/2016\/03\/Skaun-turkart-2015-250x250.jpg\" height=\"250\" width=\"250\" alt=\"\" class=\"slider-896 slide-898\" \/><\/a><div class=\"caption-wrap\"><div class=\"caption\">Skaun, 2015<\/div><\/div><\/li>\n                <li style=\"display: none; width: 100%;\" class=\"slide-899 ms-image \" aria-roledescription=\"slide\" aria-label=\"slide-899\"><a href=\"https:\/\/www.emap.no\/wordpress\/wp-content\/uploads\/2016\/03\/Rauma-turbok-2014.jpg\" target=\"_self\" class=\"metaslider_image_link\" rel=\"lightbox[896]\"><img src=\"https:\/\/www.emap.no\/wordpress\/wp-content\/uploads\/2016\/03\/Rauma-turbok-2014-250x250.jpg\" height=\"250\" width=\"250\" alt=\"\" class=\"slider-896 slide-899\" \/><\/a><div class=\"caption-wrap\"><div class=\"caption\">Rauma, 2014 (retro)<\/div><\/div><\/li>\n                <li style=\"display: none; width: 100%;\" class=\"slide-900 ms-image \" aria-roledescription=\"slide\" aria-label=\"slide-900\"><a href=\"https:\/\/www.emap.no\/wordpress\/wp-content\/uploads\/2016\/03\/Osteroy-2014.jpg\" target=\"_self\" class=\"metaslider_image_link\" rel=\"lightbox[896]\"><img src=\"https:\/\/www.emap.no\/wordpress\/wp-content\/uploads\/2016\/03\/Osteroy-2014-250x250.jpg\" height=\"250\" width=\"250\" alt=\"\" class=\"slider-896 slide-900\" \/><\/a><div class=\"caption-wrap\"><div class=\"caption\">Osteroy, 2014<\/div><\/div><\/li>\n                <li style=\"display: none; width: 100%;\" class=\"slide-901 ms-image \" aria-roledescription=\"slide\" aria-label=\"slide-901\"><a href=\"https:\/\/www.emap.no\/wordpress\/wp-content\/uploads\/2016\/03\/Nesset-2013.jpg\" target=\"_self\" class=\"metaslider_image_link\" rel=\"lightbox[896]\"><img src=\"https:\/\/www.emap.no\/wordpress\/wp-content\/uploads\/2016\/03\/Nesset-2013-250x250.jpg\" height=\"250\" width=\"250\" alt=\"\" class=\"slider-896 slide-901\" \/><\/a><div class=\"caption-wrap\"><div class=\"caption\">Nesset, 2013<\/div><\/div><\/li>\n                <li style=\"display: none; width: 100%;\" class=\"slide-902 ms-image \" aria-roledescription=\"slide\" aria-label=\"slide-902\"><a href=\"https:\/\/www.emap.no\/wordpress\/wp-content\/uploads\/2016\/03\/Ibestad-turkart-2012.jpg\" target=\"_self\" class=\"metaslider_image_link\" rel=\"lightbox[896]\"><img src=\"https:\/\/www.emap.no\/wordpress\/wp-content\/uploads\/2016\/03\/Ibestad-turkart-2012-250x250.jpg\" height=\"250\" width=\"250\" alt=\"\" class=\"slider-896 slide-902\" \/><\/a><div class=\"caption-wrap\"><div class=\"caption\">Ibestad, 2012<\/div><\/div><\/li>\n                <li style=\"display: none; width: 100%;\" class=\"slide-903 ms-image \" aria-roledescription=\"slide\" aria-label=\"slide-903\"><a href=\"https:\/\/www.emap.no\/wordpress\/wp-content\/uploads\/2016\/03\/Hitra-turkart-2015.jpg\" target=\"_self\" class=\"metaslider_image_link\" rel=\"lightbox[896]\"><img src=\"https:\/\/www.emap.no\/wordpress\/wp-content\/uploads\/2016\/03\/Hitra-turkart-2015-250x250.jpg\" height=\"250\" width=\"250\" alt=\"\" class=\"slider-896 slide-903\" \/><\/a><div class=\"caption-wrap\"><div class=\"caption\">Hitra, 2015<\/div><\/div><\/li>\n                <li style=\"display: none; width: 100%;\" class=\"slide-1588 ms-image \" aria-roledescription=\"slide\" aria-label=\"slide-1588\"><a href=\"https:\/\/www.emap.no\/wordpress\/wp-content\/uploads\/2018\/11\/romsdalsstien50.jpg\" target=\"_self\" class=\"metaslider_image_link\" rel=\"lightbox[896]\"><img src=\"https:\/\/www.emap.no\/wordpress\/wp-content\/uploads\/2018\/11\/romsdalsstien50-250x250.jpg\" height=\"250\" width=\"250\" alt=\"\" class=\"slider-896 slide-1588\" title=\"romsdalsstien50\" \/><\/a><div class=\"caption-wrap\"><div class=\"caption\">Romsdalsstien (eksperimental)<\/div><\/div><\/li>\n            <\/ul>\n        <\/div>\n        \n    <\/div>\n<\/div>\n<p><a href=\"https:\/\/www.emap.no\/wordpress\/wp-content\/uploads\/2018\/11\/kat_turkart.png\"><img loading=\"lazy\" class=\"alignright wp-image-1534 size-medium\" src=\"https:\/\/www.emap.no\/wordpress\/wp-content\/uploads\/2018\/11\/kat_turkart-300x167.png\" alt=\"\" width=\"300\" height=\"167\" srcset=\"https:\/\/www.emap.no\/wordpress\/wp-content\/uploads\/2018\/11\/kat_turkart-300x167.png 300w, https:\/\/www.emap.no\/wordpress\/wp-content\/uploads\/2018\/11\/kat_turkart-768x428.png 768w, https:\/\/www.emap.no\/wordpress\/wp-content\/uploads\/2018\/11\/kat_turkart-1024x570.png 1024w, https:\/\/www.emap.no\/wordpress\/wp-content\/uploads\/2018\/11\/kat_turkart-350x195.png 350w, https:\/\/www.emap.no\/wordpress\/wp-content\/uploads\/2018\/11\/kat_turkart.png 1230w\" sizes=\"(max-width: 300px) 100vw, 300px\" \/><\/a>V\u00e5re turkart er av h\u00f8y kvalitet; vi gj\u00f8r v\u00e5rt beste for at kartet skal bli bedre enn Kartverkets kart.<\/p>\n<p>Hos oss f\u00e5r du:<\/p>\n<ul>\n<li>Vannfast og rivebestandig papir \u2014 gir lang levetid og er milj\u00f8vennlig<\/li>\n<li>Kvalitetssikring av kartgrunnlag<\/li>\n<li>Brukervennlig terrengskygge\/relieff<\/li>\n<li>Innlegging av brukerinformasjon<\/li>\n<li>Spesialdesignet bakside<\/li>\n<li>Serietilh\u00f8righet med eMaps omslag<\/li>\n<\/ul>\n<h2>Vannfast papir<\/h2>\n<p>Vi trykker kartene p\u00e5 vannfast og rivebestandig papir \u2014 gir lang levetid.<\/p>\n<h2>Kvalitetssikring av kartgrunnlag<\/h2>\n<ul>\n<li>N50 har dessverre en del feil \u2014 vi retter opp<\/li>\n<li>N50 mangler informasjon som kunne v\u00e6rt nyttig for brukeren \u2014 vi legger inn<\/li>\n<li>N50 er tilpasset m\u00e5lestokk 1:50 000 \u2014 vi tilpasser til andre m\u00e5lestokker om \u00f8nskelig.<\/li>\n<li>N50 er litt overlesset p\u00e5 stedsnavn i visse omr\u00e5der \u2014 vi letter for bedre lesbarhet (?)<\/li>\n<li>Ogs\u00e5 feil som dere m\u00e5tte \u00f8nske \u00e5 rette opp.<\/li>\n<\/ul>\n<h2>Brukervennlig terrengskygge (relieff)<\/h2>\n<ul>\n<li>Nyeste relieffteknologi<\/li>\n<li>Lyse farger med god kontrast &#8211; intuitivt og lesbart i d\u00e5rlig lys<\/li>\n<li>Rock hachure-emulering (fjellskravur) \u2014 f\u00e5r frem bratte stup.<\/li>\n<\/ul>\n<h2>Innlegging av brukerinformasjon<\/h2>\n<ul>\n<li>Du bestemmer hva du vil ha med.<\/li>\n<li>Vi rydder i kartet s\u00e5 brukerinformasjon ikke kolliderer med informasjon i grunnkartet.<\/li>\n<li>Tiltalende layout<\/li>\n<\/ul>\n<h2>Baksiden<\/h2>\n<p>Dersom kartet skal ha en bakside med tekst og bilder, lager vi en tiltalende layout basert p\u00e5 deres materiale.<\/p>\n<ul>\n<li>Tekstsiden designes som en avisside \u2014 hjelper leseren gjennom siden<\/li>\n<li>Stedsnavnregister<\/li>\n<\/ul>\n<h2>Omslag<\/h2>\n<p>eMap har et eget omslag slik at kartet inng\u00e5r i en turkartserie (over 20 kart i dag).<\/p>\n<p>&nbsp;<\/p>\n","protected":false},"excerpt":{"rendered":"","protected":false},"author":1,"featured_media":0,"parent":439,"menu_order":-2,"comment_status":"closed","ping_status":"closed","template":"","meta":{"spay_email":""},"jetpack_shortlink":"https:\/\/wp.me\/P7l827-78","_links":{"self":[{"href":"https:\/\/www.emap.no\/wordpress\/wp-json\/wp\/v2\/pages\/442"}],"collection":[{"href":"https:\/\/www.emap.no\/wordpress\/wp-json\/wp\/v2\/pages"}],"about":[{"href":"https:\/\/www.emap.no\/wordpress\/wp-json\/wp\/v2\/types\/page"}],"author":[{"embeddable":true,"href":"https:\/\/www.emap.no\/wordpress\/wp-json\/wp\/v2\/users\/1"}],"replies":[{"embeddable":true,"href":"https:\/\/www.emap.no\/wordpress\/wp-json\/wp\/v2\/comments?post=442"}],"version-history":[{"count":25,"href":"https:\/\/www.emap.no\/wordpress\/wp-json\/wp\/v2\/pages\/442\/revisions"}],"predecessor-version":[{"id":1971,"href":"https:\/\/www.emap.no\/wordpress\/wp-json\/wp\/v2\/pages\/442\/revisions\/1971"}],"up":[{"embeddable":true,"href":"https:\/\/www.emap.no\/wordpress\/wp-json\/wp\/v2\/pages\/439"}],"wp:attachment":[{"href":"https:\/\/www.emap.no\/wordpress\/wp-json\/wp\/v2\/media?parent=442"}],"curies":[{"name":"wp","href":"https:\/\/api.w.org\/{rel}","templated":true}]}}