{"id":446,"date":"2016-09-21T09:49:16","date_gmt":"2016-09-21T08:49:16","guid":{"rendered":"http:\/\/www.emap.no\/wordpress\/?page_id=446"},"modified":"2022-04-08T14:13:42","modified_gmt":"2022-04-08T13:13:42","slug":"turtavler","status":"publish","type":"page","link":"https:\/\/www.emap.no\/wordpress\/produkter\/tur-og-friluftsliv\/turtavler\/","title":{"rendered":"Turinformasjonstavler"},"content":{"rendered":"<div id=\"metaslider-id-913\" style=\"width: 100%;\" class=\"ml-slider-3-92-0 metaslider metaslider-flex metaslider-913 ml-slider ml-slider-lightbox-1-13-2 firelight-lightbox-2-3-4 ms-theme-default\" role=\"region\" aria-roledescription=\"Slideshow\" aria-label=\"Turtavler\">\n    <div id=\"metaslider_container_913\">\n        <div id=\"metaslider_913\">\n            <ul class='slides'>\n                <li style=\"display: none; width: 100%;\" class=\"slide-915 ms-image \" aria-roledescription=\"slide\" aria-label=\"slide-915\"><a href=\"https:\/\/www.emap.no\/wordpress\/wp-content\/uploads\/2016\/09\/DNT-godkjenning.jpg\" target=\"_self\" class=\"metaslider_image_link\" rel=\"lightbox[913]\"><img src=\"https:\/\/www.emap.no\/wordpress\/wp-content\/uploads\/2016\/09\/DNT-godkjenning-250x250.jpg\" height=\"250\" width=\"250\" alt=\"\" class=\"slider-913 slide-915\" \/><\/a><div class=\"caption-wrap\"><div class=\"caption\">Roksetvatnet (demo)<\/div><\/div><\/li>\n                <li style=\"display: none; width: 100%;\" class=\"slide-916 ms-image \" aria-roledescription=\"slide\" aria-label=\"slide-916\"><a href=\"https:\/\/www.emap.no\/wordpress\/wp-content\/uploads\/2016\/09\/NTIK-turtavler-v4-lores-4.jpg\" target=\"_self\" class=\"metaslider_image_link\" rel=\"lightbox[913]\"><img src=\"https:\/\/www.emap.no\/wordpress\/wp-content\/uploads\/2016\/09\/NTIK-turtavler-v4-lores-4-250x250.jpg\" height=\"250\" width=\"250\" alt=\"\" class=\"slider-913 slide-916\" \/><\/a><div class=\"caption-wrap\"><div class=\"caption\">Steinkjer, 2016<\/div><\/div><\/li>\n                <li style=\"display: none; width: 100%;\" class=\"slide-917 ms-image \" aria-roledescription=\"slide\" aria-label=\"slide-917\"><a href=\"https:\/\/www.emap.no\/wordpress\/wp-content\/uploads\/2016\/09\/Helgeland-turtavle-2016.jpg\" target=\"_self\" class=\"metaslider_image_link\" rel=\"lightbox[913]\"><img src=\"https:\/\/www.emap.no\/wordpress\/wp-content\/uploads\/2016\/09\/Helgeland-turtavle-2016-250x250.jpg\" height=\"250\" width=\"250\" alt=\"\" class=\"slider-913 slide-917\" \/><\/a><div class=\"caption-wrap\"><div class=\"caption\">S\u00f8r-Helgeland, 2016<\/div><\/div><\/li>\n                <li style=\"display: none; width: 100%;\" class=\"slide-918 ms-image \" aria-roledescription=\"slide\" aria-label=\"slide-918\"><a href=\"https:\/\/www.emap.no\/wordpress\/wp-content\/uploads\/2016\/09\/eMap-tavleeksempel.jpg\" target=\"_self\" class=\"metaslider_image_link\" rel=\"lightbox[913]\"><img src=\"https:\/\/www.emap.no\/wordpress\/wp-content\/uploads\/2016\/09\/eMap-tavleeksempel-250x250.jpg\" height=\"250\" width=\"250\" alt=\"\" class=\"slider-913 slide-918\" \/><\/a><div class=\"caption-wrap\"><div class=\"caption\">Rissa, 2015<\/div><\/div><\/li>\n            <\/ul>\n        <\/div>\n        \n    <\/div>\n<\/div>\n<p><a href=\"https:\/\/www.emap.no\/wordpress\/wp-content\/uploads\/2018\/10\/turtavle.jpg\"><img loading=\"lazy\" class=\"alignright wp-image-1203 size-medium\" src=\"https:\/\/www.emap.no\/wordpress\/wp-content\/uploads\/2018\/10\/turtavle-300x225.jpg\" alt=\"\" width=\"300\" height=\"225\" srcset=\"https:\/\/www.emap.no\/wordpress\/wp-content\/uploads\/2018\/10\/turtavle-300x225.jpg 300w, https:\/\/www.emap.no\/wordpress\/wp-content\/uploads\/2018\/10\/turtavle-768x576.jpg 768w, https:\/\/www.emap.no\/wordpress\/wp-content\/uploads\/2018\/10\/turtavle-1024x768.jpg 1024w, https:\/\/www.emap.no\/wordpress\/wp-content\/uploads\/2018\/10\/turtavle-350x263.jpg 350w, https:\/\/www.emap.no\/wordpress\/wp-content\/uploads\/2018\/10\/turtavle.jpg 1200w\" sizes=\"(max-width: 300px) 100vw, 300px\" \/><\/a>Turinformasjonstavler er informasjonstavler som plasseres der en merket rute starter, gjerne ved en parkeringsplass, og som viser en eller flere turruter p\u00e5 et kart sammen med bilder og beskrivelser av turene og omr\u00e5det.<\/p>\n<p>Du kan f\u00e5 st\u00f8tte til slike prosjekter gjennom fylkeskommunen og kommunen, og det kan ogs\u00e5 s\u00f8kes om st\u00f8tte fra noen lokale legater. Tidligere kunne en s\u00f8ke via det DNT-styrte <a href=\"http:\/\/www.turskiltprosjektet.no\/\">turskiltprosjektet<\/a>.<br \/>\neMap as var godkjent leverand\u00f8r av slike tavler i turskiltprosjektet.<br \/>\nI dag lages ofte slike skilt i tr\u00e5d med <a href=\"http:\/\/www.merkehandboka.no\">Merkeh\u00e5ndboka<\/a> hvor vi kan levere b\u00e5de kart, grafisk oppsett og alle typer produkter knytta til denne.<\/p>\n<p>V\u00e5re tavler plottes oftest p\u00e5 aluminiumsplate og overlakkeres med UV-lakk eller antigrafittilakk.<br \/>\nVi leverer p\u00e5 andre plater som st\u00e5l, glass, akryl m.fl.<br \/>\nDe kan monteres p\u00e5 en eksisterende tavler eller tavleramme.<br \/>\nVi kan ogs\u00e5 levere tavlestativ med fundamentering om \u00f8nskelig.<\/p>\n","protected":false},"excerpt":{"rendered":"<p>Turinformasjonstavler er informasjonstavler som plasseres der en merket rute starter, gjerne ved en parkeringsplass, og som viser en eller flere turruter p\u00e5 et kart sammen med bilder og beskrivelser av turene og omr\u00e5det. Du kan f\u00e5 st\u00f8tte til slike prosjekter gjennom fylkeskommunen og kommunen, og det kan ogs\u00e5 s\u00f8kes om st\u00f8tte fra noen lokale legater. &hellip; <\/p>\n<p class=\"link-more\"><a href=\"https:\/\/www.emap.no\/wordpress\/produkter\/tur-og-friluftsliv\/turtavler\/\" class=\"more-link\">Fortsett \u00e5 lese<span class=\"screen-reader-text\"> \u00abTurinformasjonstavler\u00bb<\/span><\/a><\/p>\n","protected":false},"author":1,"featured_media":0,"parent":439,"menu_order":0,"comment_status":"closed","ping_status":"closed","template":"","meta":{"spay_email":""},"jetpack_shortlink":"https:\/\/wp.me\/P7l827-7c","_links":{"self":[{"href":"https:\/\/www.emap.no\/wordpress\/wp-json\/wp\/v2\/pages\/446"}],"collection":[{"href":"https:\/\/www.emap.no\/wordpress\/wp-json\/wp\/v2\/pages"}],"about":[{"href":"https:\/\/www.emap.no\/wordpress\/wp-json\/wp\/v2\/types\/page"}],"author":[{"embeddable":true,"href":"https:\/\/www.emap.no\/wordpress\/wp-json\/wp\/v2\/users\/1"}],"replies":[{"embeddable":true,"href":"https:\/\/www.emap.no\/wordpress\/wp-json\/wp\/v2\/comments?post=446"}],"version-history":[{"count":14,"href":"https:\/\/www.emap.no\/wordpress\/wp-json\/wp\/v2\/pages\/446\/revisions"}],"predecessor-version":[{"id":2157,"href":"https:\/\/www.emap.no\/wordpress\/wp-json\/wp\/v2\/pages\/446\/revisions\/2157"}],"up":[{"embeddable":true,"href":"https:\/\/www.emap.no\/wordpress\/wp-json\/wp\/v2\/pages\/439"}],"wp:attachment":[{"href":"https:\/\/www.emap.no\/wordpress\/wp-json\/wp\/v2\/media?parent=446"}],"curies":[{"name":"wp","href":"https:\/\/api.w.org\/{rel}","templated":true}]}}