{"id":448,"date":"2016-09-21T09:50:08","date_gmt":"2016-09-21T08:50:08","guid":{"rendered":"http:\/\/www.emap.no\/wordpress\/?page_id=448"},"modified":"2018-11-03T09:33:42","modified_gmt":"2018-11-03T08:33:42","slug":"vegvisningskilt","status":"publish","type":"page","link":"https:\/\/www.emap.no\/wordpress\/produkter\/tur-og-friluftsliv\/vegvisningskilt\/","title":{"rendered":"Vegvisningskilt"},"content":{"rendered":"<p><!--more--><\/p>\n<p><a href=\"https:\/\/www.emap.no\/wordpress\/wp-content\/uploads\/2018\/10\/turskilt.jpg\"><img loading=\"lazy\" class=\"alignright wp-image-1204 size-medium\" src=\"https:\/\/www.emap.no\/wordpress\/wp-content\/uploads\/2018\/10\/turskilt-300x225.jpg\" alt=\"\" width=\"300\" height=\"225\" srcset=\"https:\/\/www.emap.no\/wordpress\/wp-content\/uploads\/2018\/10\/turskilt-300x225.jpg 300w, https:\/\/www.emap.no\/wordpress\/wp-content\/uploads\/2018\/10\/turskilt-768x576.jpg 768w, https:\/\/www.emap.no\/wordpress\/wp-content\/uploads\/2018\/10\/turskilt-1024x768.jpg 1024w, https:\/\/www.emap.no\/wordpress\/wp-content\/uploads\/2018\/10\/turskilt-350x263.jpg 350w, https:\/\/www.emap.no\/wordpress\/wp-content\/uploads\/2018\/10\/turskilt.jpg 1200w\" sizes=\"(max-width: 300px) 100vw, 300px\" \/><\/a>Turskiltene v\u00e5re produseres p\u00e5 p\u00e5 12 cm h\u00f8ye aluminiums plater med en 1 cm brett (sarg) oppe og nede.\u00a0 Skiltene er meget holdbare, og godt lesbare p\u00e5 god avstand.<\/p>\n<p>Skiltene er 40, 70 eller 90 cm lange.\u00a0 Vi leverer b\u00e5de pilskilt og toppskilt.<\/p>\n<p>Du kan f\u00e5 st\u00f8tte til \u00e5 f\u00e5 produsert slike skilt gjennom <a href=\"http:\/\/www.gjensidigestiftelsen.no\/\">gjensidigestiftelsen <\/a>og <a href=\"http:\/\/www.turskiltprosjektet.no\/\">turskiltprosjektet<\/a>, og eMap er en godkjent leverand\u00f8r til dette prosjektet.<\/p>\n","protected":false},"excerpt":{"rendered":"","protected":false},"author":1,"featured_media":0,"parent":439,"menu_order":0,"comment_status":"closed","ping_status":"closed","template":"","meta":{"spay_email":""},"jetpack_shortlink":"https:\/\/wp.me\/P7l827-7e","_links":{"self":[{"href":"https:\/\/www.emap.no\/wordpress\/wp-json\/wp\/v2\/pages\/448"}],"collection":[{"href":"https:\/\/www.emap.no\/wordpress\/wp-json\/wp\/v2\/pages"}],"about":[{"href":"https:\/\/www.emap.no\/wordpress\/wp-json\/wp\/v2\/types\/page"}],"author":[{"embeddable":true,"href":"https:\/\/www.emap.no\/wordpress\/wp-json\/wp\/v2\/users\/1"}],"replies":[{"embeddable":true,"href":"https:\/\/www.emap.no\/wordpress\/wp-json\/wp\/v2\/comments?post=448"}],"version-history":[{"count":6,"href":"https:\/\/www.emap.no\/wordpress\/wp-json\/wp\/v2\/pages\/448\/revisions"}],"predecessor-version":[{"id":1414,"href":"https:\/\/www.emap.no\/wordpress\/wp-json\/wp\/v2\/pages\/448\/revisions\/1414"}],"up":[{"embeddable":true,"href":"https:\/\/www.emap.no\/wordpress\/wp-json\/wp\/v2\/pages\/439"}],"wp:attachment":[{"href":"https:\/\/www.emap.no\/wordpress\/wp-json\/wp\/v2\/media?parent=448"}],"curies":[{"name":"wp","href":"https:\/\/api.w.org\/{rel}","templated":true}]}}