{"id":450,"date":"2016-09-21T09:50:53","date_gmt":"2016-09-21T08:50:53","guid":{"rendered":"http:\/\/www.emap.no\/wordpress\/?page_id=450"},"modified":"2018-11-16T15:14:59","modified_gmt":"2018-11-16T14:14:59","slug":"turhefter","status":"publish","type":"page","link":"https:\/\/www.emap.no\/wordpress\/produkter\/tur-og-friluftsliv\/turhefter\/","title":{"rendered":"Turhefter"},"content":{"rendered":"<p><!--more--><br \/>\n<div id=\"metaslider-id-914\" style=\"width: 100%;\" class=\"ml-slider-3-92-0 metaslider metaslider-flex metaslider-914 ml-slider ml-slider-lightbox-1-13-2 firelight-lightbox-2-3-4 ms-theme-default\" role=\"region\" aria-roledescription=\"Slideshow\" aria-label=\"Turhefter\">\n    <div id=\"metaslider_container_914\">\n        <div id=\"metaslider_914\">\n            <ul class='slides'>\n                <li style=\"display: none; width: 100%;\" class=\"slide-920 ms-image \" aria-roledescription=\"slide\" aria-label=\"slide-920\"><a href=\"https:\/\/www.emap.no\/wordpress\/wp-content\/uploads\/2016\/09\/2015.jpg\" target=\"_self\" class=\"metaslider_image_link\" rel=\"lightbox[914]\"><img src=\"https:\/\/www.emap.no\/wordpress\/wp-content\/uploads\/2016\/09\/2015-250x250.jpg\" height=\"250\" width=\"250\" alt=\"\" class=\"slider-914 slide-920\" \/><\/a><div class=\"caption-wrap\"><div class=\"caption\">Hitra lommehefte 2015<\/div><\/div><\/li>\n                <li style=\"display: none; width: 100%;\" class=\"slide-921 ms-image \" aria-roledescription=\"slide\" aria-label=\"slide-921\"><a href=\"https:\/\/www.emap.no\/wordpress\/wp-content\/uploads\/2016\/09\/Rindal-turhefte-2016.jpg\" target=\"_self\" class=\"metaslider_image_link\" rel=\"lightbox[914]\"><img src=\"https:\/\/www.emap.no\/wordpress\/wp-content\/uploads\/2016\/09\/Rindal-turhefte-2016-250x250.jpg\" height=\"250\" width=\"250\" alt=\"\" class=\"slider-914 slide-921\" \/><\/a><div class=\"caption-wrap\"><div class=\"caption\">Rindal lommehefte 2016<\/div><\/div><\/li>\n                <li style=\"display: none; width: 100%;\" class=\"slide-922 ms-image \" aria-roledescription=\"slide\" aria-label=\"slide-922\"><a href=\"https:\/\/www.emap.no\/wordpress\/wp-content\/uploads\/2016\/09\/Sande-turhefte-2010.jpg\" target=\"_self\" class=\"metaslider_image_link\" rel=\"lightbox[914]\"><img src=\"https:\/\/www.emap.no\/wordpress\/wp-content\/uploads\/2016\/09\/Sande-turhefte-2010-250x250.jpg\" height=\"250\" width=\"250\" alt=\"\" class=\"slider-914 slide-922\" \/><\/a><div class=\"caption-wrap\"><div class=\"caption\">Sande turhefte 2010<\/div><\/div><\/li>\n                <li style=\"display: none; width: 100%;\" class=\"slide-923 ms-image \" aria-roledescription=\"slide\" aria-label=\"slide-923\"><a href=\"https:\/\/www.emap.no\/wordpress\/wp-content\/uploads\/2016\/09\/Oslofjoden_sykkelhefte.jpg\" target=\"_self\" class=\"metaslider_image_link\" rel=\"lightbox[914]\"><img src=\"https:\/\/www.emap.no\/wordpress\/wp-content\/uploads\/2016\/09\/Oslofjoden_sykkelhefte-250x250.jpg\" height=\"250\" width=\"250\" alt=\"\" class=\"slider-914 slide-923\" \/><\/a><div class=\"caption-wrap\"><div class=\"caption\">Oslofjorden sykkelhefte 2016<\/div><\/div><\/li>\n            <\/ul>\n        <\/div>\n        \n    <\/div>\n<\/div><\/p>\n<p><a href=\"https:\/\/www.emap.no\/wordpress\/wp-content\/uploads\/2016\/09\/fi_turhefter.jpg\"><img loading=\"lazy\" class=\"alignright wp-image-550 size-medium\" src=\"https:\/\/www.emap.no\/wordpress\/wp-content\/uploads\/2016\/09\/fi_turhefter-300x211.jpg\" alt=\"\" width=\"300\" height=\"211\" srcset=\"https:\/\/www.emap.no\/wordpress\/wp-content\/uploads\/2016\/09\/fi_turhefter-300x211.jpg 300w, https:\/\/www.emap.no\/wordpress\/wp-content\/uploads\/2016\/09\/fi_turhefter-350x247.jpg 350w, https:\/\/www.emap.no\/wordpress\/wp-content\/uploads\/2016\/09\/fi_turhefter-768x541.jpg 768w, https:\/\/www.emap.no\/wordpress\/wp-content\/uploads\/2016\/09\/fi_turhefter-1024x722.jpg 1024w, https:\/\/www.emap.no\/wordpress\/wp-content\/uploads\/2016\/09\/fi_turhefter-772x544.jpg 772w, https:\/\/www.emap.no\/wordpress\/wp-content\/uploads\/2016\/09\/fi_turhefter.jpg 1230w, https:\/\/www.emap.no\/wordpress\/wp-content\/uploads\/2016\/09\/fi_turhefter-272x192.jpg 272w\" sizes=\"(max-width: 300px) 100vw, 300px\" \/><\/a>Vi produserer turhefter og turb\u00f8ker i lommeformat og i st\u00f8rre formater; til og med i bokform.<\/p>\n<p>I turheftet er det gjerne et kart p\u00e5 venstre side og beskrivelse, bilder og annen turinfomasjon p\u00e5 h\u00f8yreside av hvert oppslag.<\/p>\n<p>Vi kan ogs\u00e5 lage Web-utgave av turheftet, slik som <a href=\"http:\/\/www.trollfjellgeopark.no\/index.php\/no\/geoparken-aktiviteter-2\/vandring\/turbrosjyre-30-turer-i-trollfjell\">denne i Trollfjell<\/a>.<\/p>\n<p><a href=\"https:\/\/www.emap.no\/wordpress\/produkter\/tur-og-friluftsliv\/turkart\/\">Les mer om v\u00e5re turkart<\/a>.<\/p>\n","protected":false},"excerpt":{"rendered":"","protected":false},"author":1,"featured_media":0,"parent":439,"menu_order":0,"comment_status":"closed","ping_status":"closed","template":"","meta":{"spay_email":""},"jetpack_shortlink":"https:\/\/wp.me\/P7l827-7g","_links":{"self":[{"href":"https:\/\/www.emap.no\/wordpress\/wp-json\/wp\/v2\/pages\/450"}],"collection":[{"href":"https:\/\/www.emap.no\/wordpress\/wp-json\/wp\/v2\/pages"}],"about":[{"href":"https:\/\/www.emap.no\/wordpress\/wp-json\/wp\/v2\/types\/page"}],"author":[{"embeddable":true,"href":"https:\/\/www.emap.no\/wordpress\/wp-json\/wp\/v2\/users\/1"}],"replies":[{"embeddable":true,"href":"https:\/\/www.emap.no\/wordpress\/wp-json\/wp\/v2\/comments?post=450"}],"version-history":[{"count":13,"href":"https:\/\/www.emap.no\/wordpress\/wp-json\/wp\/v2\/pages\/450\/revisions"}],"predecessor-version":[{"id":1583,"href":"https:\/\/www.emap.no\/wordpress\/wp-json\/wp\/v2\/pages\/450\/revisions\/1583"}],"up":[{"embeddable":true,"href":"https:\/\/www.emap.no\/wordpress\/wp-json\/wp\/v2\/pages\/439"}],"wp:attachment":[{"href":"https:\/\/www.emap.no\/wordpress\/wp-json\/wp\/v2\/media?parent=450"}],"curies":[{"name":"wp","href":"https:\/\/api.w.org\/{rel}","templated":true}]}}