{"id":452,"date":"2016-09-21T09:51:45","date_gmt":"2016-09-21T08:51:45","guid":{"rendered":"http:\/\/www.emap.no\/wordpress\/?page_id=452"},"modified":"2018-10-24T06:27:42","modified_gmt":"2018-10-24T05:27:42","slug":"turisme","status":"publish","type":"page","link":"https:\/\/www.emap.no\/wordpress\/produkter\/turisme\/","title":{"rendered":"Turisme"},"content":{"rendered":"<div id=\"pl-452\"  class=\"panel-layout\" ><div id=\"pg-452-0\"  class=\"panel-grid panel-no-style\" ><div id=\"pgc-452-0-0\"  class=\"panel-grid-cell\" ><div id=\"panel-452-0-0-0\" class=\"so-panel widget_black-studio-tinymce widget_black_studio_tinymce panel-first-child panel-last-child\" data-index=\"0\" ><div class=\"textwidget\"><p>Er man turist i et fremmed omr\u00e5de, er kartet et essensielt verkt\u00f8y for \u00e5 f\u00e5 oversikt over, og finne fram til ulike tilbud og attraksjoner i omr\u00e5det. Vi leverer flere produkter fra enkle papirkart, informasjonstavler og brosjyrer eller kart til disse.<\/p>\n<\/div><\/div><\/div><\/div><div id=\"pg-452-1\"  class=\"panel-grid panel-no-style\" ><div id=\"pgc-452-1-0\"  class=\"panel-grid-cell\" ><div id=\"panel-452-1-0-0\" class=\"so-panel widget_sow-image panel-first-child panel-last-child\" data-index=\"1\" ><div\n\t\t\t\n\t\t\tclass=\"so-widget-sow-image so-widget-sow-image-default-8b5b6f678277-452\"\n\t\t\t\n\t\t>\n\n<div class=\"sow-image-container\">\n\t\t\t<a href=\"https:\/\/www.emap.no\/wordpress\/produkter\/turisme\/turistkart\/\"\n\t\t\t\t\t>\n\t\t\t<img src=\"https:\/\/www.emap.no\/wordpress\/wp-content\/uploads\/2018\/10\/turistkart2.jpg\" width=\"1200\" height=\"900\" srcset=\"https:\/\/www.emap.no\/wordpress\/wp-content\/uploads\/2018\/10\/turistkart2.jpg 1200w, https:\/\/www.emap.no\/wordpress\/wp-content\/uploads\/2018\/10\/turistkart2-300x225.jpg 300w, https:\/\/www.emap.no\/wordpress\/wp-content\/uploads\/2018\/10\/turistkart2-768x576.jpg 768w, https:\/\/www.emap.no\/wordpress\/wp-content\/uploads\/2018\/10\/turistkart2-1024x768.jpg 1024w, https:\/\/www.emap.no\/wordpress\/wp-content\/uploads\/2018\/10\/turistkart2-350x263.jpg 350w\" sizes=\"(max-width: 706px) 89vw, (max-width: 767px) 82vw, 740px\" title=\"Turistkart\" alt=\"\" loading=\"lazy\" \t\tclass=\"so-widget-image\"\/>\n\t<\/a><\/div>\n\n<h3 class=\"widget-title\">Turistkart<\/h3><\/div><\/div><\/div><div id=\"pgc-452-1-1\"  class=\"panel-grid-cell\" ><div id=\"panel-452-1-1-0\" class=\"so-panel widget_sow-image panel-first-child panel-last-child\" data-index=\"2\" ><div\n\t\t\t\n\t\t\tclass=\"so-widget-sow-image so-widget-sow-image-default-8b5b6f678277-452\"\n\t\t\t\n\t\t>\n\n<div class=\"sow-image-container\">\n\t\t\t<a href=\"https:\/\/www.emap.no\/wordpress\/produkter\/turisme\/brosjyrer\/\"\n\t\t\t\t\t>\n\t\t\t<img src=\"https:\/\/www.emap.no\/wordpress\/wp-content\/uploads\/2018\/10\/pb_turisme.jpg\" width=\"800\" height=\"600\" srcset=\"https:\/\/www.emap.no\/wordpress\/wp-content\/uploads\/2018\/10\/pb_turisme.jpg 800w, https:\/\/www.emap.no\/wordpress\/wp-content\/uploads\/2018\/10\/pb_turisme-350x263.jpg 350w, https:\/\/www.emap.no\/wordpress\/wp-content\/uploads\/2018\/10\/pb_turisme-300x225.jpg 300w, https:\/\/www.emap.no\/wordpress\/wp-content\/uploads\/2018\/10\/pb_turisme-768x576.jpg 768w\" sizes=\"(max-width: 706px) 89vw, (max-width: 767px) 82vw, 740px\" title=\"Brosjyrer\" alt=\"\" loading=\"lazy\" \t\tclass=\"so-widget-image\"\/>\n\t<\/a><\/div>\n\n<h3 class=\"widget-title\">Brosjyrer<\/h3><\/div><\/div><\/div><div id=\"pgc-452-1-2\"  class=\"panel-grid-cell\" ><div id=\"panel-452-1-2-0\" class=\"so-panel widget_sow-image panel-first-child panel-last-child\" data-index=\"3\" ><div\n\t\t\t\n\t\t\tclass=\"so-widget-sow-image so-widget-sow-image-default-8b5b6f678277-452\"\n\t\t\t\n\t\t>\n\n<div class=\"sow-image-container\">\n\t\t\t<a href=\"https:\/\/www.emap.no\/wordpress\/produkter\/turisme\/informasjonstavler\/\"\n\t\t\t\t\t>\n\t\t\t<img src=\"https:\/\/www.emap.no\/wordpress\/wp-content\/uploads\/2018\/10\/turisttavle.jpg\" width=\"1200\" height=\"900\" srcset=\"https:\/\/www.emap.no\/wordpress\/wp-content\/uploads\/2018\/10\/turisttavle.jpg 1200w, https:\/\/www.emap.no\/wordpress\/wp-content\/uploads\/2018\/10\/turisttavle-350x263.jpg 350w, https:\/\/www.emap.no\/wordpress\/wp-content\/uploads\/2018\/10\/turisttavle-300x225.jpg 300w, https:\/\/www.emap.no\/wordpress\/wp-content\/uploads\/2018\/10\/turisttavle-768x576.jpg 768w, https:\/\/www.emap.no\/wordpress\/wp-content\/uploads\/2018\/10\/turisttavle-1024x768.jpg 1024w\" sizes=\"(max-width: 706px) 89vw, (max-width: 767px) 82vw, 740px\" title=\"Informasjonstavle\" alt=\"\" loading=\"lazy\" \t\tclass=\"so-widget-image\"\/>\n\t<\/a><\/div>\n\n<h3 class=\"widget-title\">Informasjonstavle<\/h3><\/div><\/div><\/div><\/div><\/div>","protected":false},"excerpt":{"rendered":"<p>Er man turist i et fremmed omr\u00e5de, er kartet et essensielt verkt\u00f8y for \u00e5 f\u00e5 oversikt over, og finne fram til ulike tilbud og attraksjoner i omr\u00e5det. Vi leverer flere produkter fra enkle papirkart, informasjonstavler og brosjyrer eller kart til disse.<\/p>\n","protected":false},"author":1,"featured_media":0,"parent":433,"menu_order":0,"comment_status":"closed","ping_status":"closed","template":"","meta":{"spay_email":""},"jetpack_shortlink":"https:\/\/wp.me\/P7l827-7i","_links":{"self":[{"href":"https:\/\/www.emap.no\/wordpress\/wp-json\/wp\/v2\/pages\/452"}],"collection":[{"href":"https:\/\/www.emap.no\/wordpress\/wp-json\/wp\/v2\/pages"}],"about":[{"href":"https:\/\/www.emap.no\/wordpress\/wp-json\/wp\/v2\/types\/page"}],"author":[{"embeddable":true,"href":"https:\/\/www.emap.no\/wordpress\/wp-json\/wp\/v2\/users\/1"}],"replies":[{"embeddable":true,"href":"https:\/\/www.emap.no\/wordpress\/wp-json\/wp\/v2\/comments?post=452"}],"version-history":[{"count":15,"href":"https:\/\/www.emap.no\/wordpress\/wp-json\/wp\/v2\/pages\/452\/revisions"}],"predecessor-version":[{"id":1257,"href":"https:\/\/www.emap.no\/wordpress\/wp-json\/wp\/v2\/pages\/452\/revisions\/1257"}],"up":[{"embeddable":true,"href":"https:\/\/www.emap.no\/wordpress\/wp-json\/wp\/v2\/pages\/433"}],"wp:attachment":[{"href":"https:\/\/www.emap.no\/wordpress\/wp-json\/wp\/v2\/media?parent=452"}],"curies":[{"name":"wp","href":"https:\/\/api.w.org\/{rel}","templated":true}]}}