{"id":454,"date":"2016-09-21T09:52:41","date_gmt":"2016-09-21T08:52:41","guid":{"rendered":"http:\/\/www.emap.no\/wordpress\/?page_id=454"},"modified":"2018-11-16T15:15:53","modified_gmt":"2018-11-16T14:15:53","slug":"turistkart","status":"publish","type":"page","link":"https:\/\/www.emap.no\/wordpress\/produkter\/turisme\/turistkart\/","title":{"rendered":"Turistkart"},"content":{"rendered":"<p><!--more--><br \/>\n<div id=\"metaslider-id-941\" style=\"width: 100%;\" class=\"ml-slider-3-92-0 metaslider metaslider-flex metaslider-941 ml-slider ml-slider-lightbox-1-13-2 firelight-lightbox-2-3-4 ms-theme-default\" role=\"region\" aria-roledescription=\"Slideshow\" aria-label=\"Turistkart\">\n    <div id=\"metaslider_container_941\">\n        <div id=\"metaslider_941\">\n            <ul class='slides'>\n                <li style=\"display: none; width: 100%;\" class=\"slide-942 ms-image \" aria-roledescription=\"slide\" aria-label=\"slide-942\"><a href=\"https:\/\/www.emap.no\/wordpress\/wp-content\/uploads\/2016\/09\/elverum-gate-2014.jpg\" target=\"_self\" class=\"metaslider_image_link\" rel=\"lightbox[941]\"><img src=\"https:\/\/www.emap.no\/wordpress\/wp-content\/uploads\/2016\/09\/elverum-gate-2014-250x250.jpg\" height=\"250\" width=\"250\" alt=\"\" class=\"slider-941 slide-942\" \/><\/a><div class=\"caption-wrap\"><div class=\"caption\">Elverum<\/div><\/div><\/li>\n                <li style=\"display: none; width: 100%;\" class=\"slide-943 ms-image \" aria-roledescription=\"slide\" aria-label=\"slide-943\"><a href=\"https:\/\/www.emap.no\/wordpress\/wp-content\/uploads\/2016\/09\/oslo_turist.jpg\" target=\"_self\" class=\"metaslider_image_link\" rel=\"lightbox[941]\"><img src=\"https:\/\/www.emap.no\/wordpress\/wp-content\/uploads\/2016\/09\/oslo_turist-250x250.jpg\" height=\"250\" width=\"250\" alt=\"\" class=\"slider-941 slide-943\" \/><\/a><div class=\"caption-wrap\"><div class=\"caption\">Oslo<\/div><\/div><\/li>\n                <li style=\"display: none; width: 100%;\" class=\"slide-944 ms-image \" aria-roledescription=\"slide\" aria-label=\"slide-944\"><a href=\"https:\/\/www.emap.no\/wordpress\/wp-content\/uploads\/2016\/09\/stjordal_by_turist_2016.jpg\" target=\"_self\" class=\"metaslider_image_link\" rel=\"lightbox[941]\"><img src=\"https:\/\/www.emap.no\/wordpress\/wp-content\/uploads\/2016\/09\/stjordal_by_turist_2016-250x250.jpg\" height=\"250\" width=\"250\" alt=\"\" class=\"slider-941 slide-944\" \/><\/a><div class=\"caption-wrap\"><div class=\"caption\">Stj\u00f8rdal<\/div><\/div><\/li>\n                <li style=\"display: none; width: 100%;\" class=\"slide-945 ms-image \" aria-roledescription=\"slide\" aria-label=\"slide-945\"><a href=\"https:\/\/www.emap.no\/wordpress\/wp-content\/uploads\/2016\/09\/trondheim_turist_2017.jpg\" target=\"_self\" class=\"metaslider_image_link\" rel=\"lightbox[941]\"><img src=\"https:\/\/www.emap.no\/wordpress\/wp-content\/uploads\/2016\/09\/trondheim_turist_2017-250x250.jpg\" height=\"250\" width=\"250\" alt=\"\" class=\"slider-941 slide-945\" \/><\/a><div class=\"caption-wrap\"><div class=\"caption\">Trondheim<\/div><\/div><\/li>\n                <li style=\"display: none; width: 100%;\" class=\"slide-946 ms-image \" aria-roledescription=\"slide\" aria-label=\"slide-946\"><a href=\"https:\/\/www.emap.no\/wordpress\/wp-content\/uploads\/2016\/09\/kongsberg_turist_2015.jpg\" target=\"_self\" class=\"metaslider_image_link\" rel=\"lightbox[941]\"><img src=\"https:\/\/www.emap.no\/wordpress\/wp-content\/uploads\/2016\/09\/kongsberg_turist_2015-250x250.jpg\" height=\"250\" width=\"250\" alt=\"\" class=\"slider-941 slide-946\" \/><\/a><div class=\"caption-wrap\"><div class=\"caption\">Kongsberg<\/div><\/div><\/li>\n                <li style=\"display: none; width: 100%;\" class=\"slide-947 ms-image \" aria-roledescription=\"slide\" aria-label=\"slide-947\"><a href=\"https:\/\/www.emap.no\/wordpress\/wp-content\/uploads\/2016\/09\/stjordal_turist_2016.jpg\" target=\"_self\" class=\"metaslider_image_link\" rel=\"lightbox[941]\"><img src=\"https:\/\/www.emap.no\/wordpress\/wp-content\/uploads\/2016\/09\/stjordal_turist_2016-250x250.jpg\" height=\"250\" width=\"250\" alt=\"\" class=\"slider-941 slide-947\" \/><\/a><div class=\"caption-wrap\"><div class=\"caption\">Stj\u00f8rdalen<\/div><\/div><\/li>\n            <\/ul>\n        <\/div>\n        \n    <\/div>\n<\/div><\/p>\n<p><a href=\"https:\/\/www.emap.no\/wordpress\/wp-content\/uploads\/2018\/10\/turistkart.jpg\"><img loading=\"lazy\" class=\"alignright wp-image-1163 size-medium\" src=\"https:\/\/www.emap.no\/wordpress\/wp-content\/uploads\/2018\/10\/turistkart-300x225.jpg\" alt=\"\" width=\"300\" height=\"225\" srcset=\"https:\/\/www.emap.no\/wordpress\/wp-content\/uploads\/2018\/10\/turistkart-300x225.jpg 300w, https:\/\/www.emap.no\/wordpress\/wp-content\/uploads\/2018\/10\/turistkart-350x263.jpg 350w, https:\/\/www.emap.no\/wordpress\/wp-content\/uploads\/2018\/10\/turistkart-768x576.jpg 768w, https:\/\/www.emap.no\/wordpress\/wp-content\/uploads\/2018\/10\/turistkart-1024x768.jpg 1024w, https:\/\/www.emap.no\/wordpress\/wp-content\/uploads\/2018\/10\/turistkart.jpg 1200w\" sizes=\"(max-width: 300px) 100vw, 300px\" \/><\/a>V\u00e5re turistkart setter turisten i sentrum.\u00a0 De m\u00e5 v\u00e6re enkle og intuitive og skal hjelpe turisten \u00e5 f\u00e5 oversikt over og finne frem til de severdigheter, attraksjoner og aktiviteter byen eller kommunen har \u00e5 by p\u00e5.\u00a0 Turistkartene b\u00f8r ogs\u00e5 vise overnattingstilbudene slik at de kan finne tilbake til der de bor og evt. finne overnatting dersom de ikke har ordnet med dette p\u00e5 forh\u00e5nd.<\/p>\n<h2>Slik lages turistkartet<\/h2>\n<ul>\n<li>Grunnkartet:\n<ul>\n<li>For turistkart i bebyggelse tegner vi disse basert p\u00e5 tilgjengelige kilder til et enkelt og lettforst\u00e5elig kartgrunnlag.<\/li>\n<li>For kommuner og st\u00f8rre regioner lages et forenklet kart basert p\u00e5 tilgjengelige kartdata.<\/li>\n<li>Vi bruker relieff og 3D-teknikker for \u00e5 gj\u00f8re kartet intuitivt for brukeren.<\/li>\n<\/ul>\n<\/li>\n<li>Brukerinformasjonen (piktogrammer) legger vi inn basert p\u00e5 manus fra oppdragsgiver.\u00a0 Her er det viktig \u00e5 ikke bare ta hensyn til den kommersielle reiselivsbransjen, men ogs\u00e5 p\u00e5 de severdigheter som omr\u00e5det har \u00e5 by p\u00e5 og som ikke er kommersielle.<\/li>\n<li>Vi p\u00e5ser at piktogrammene blir ryddig plassert og ikke kolliderer med annen viktig informasjon i kartet.<\/li>\n<li>Et reklamefinsansiert kart gir liten tillitt hos turisten &#8211; det blir for opplagt at akt\u00f8rer har betalt seg inn p\u00e5 kartet, og at andre akt\u00f8rer som kan v\u00e6re vel s\u00e5 interessante for turisten er utelatt.<\/li>\n<\/ul>\n","protected":false},"excerpt":{"rendered":"","protected":false},"author":1,"featured_media":0,"parent":452,"menu_order":0,"comment_status":"closed","ping_status":"closed","template":"","meta":{"spay_email":""},"jetpack_shortlink":"https:\/\/wp.me\/P7l827-7k","_links":{"self":[{"href":"https:\/\/www.emap.no\/wordpress\/wp-json\/wp\/v2\/pages\/454"}],"collection":[{"href":"https:\/\/www.emap.no\/wordpress\/wp-json\/wp\/v2\/pages"}],"about":[{"href":"https:\/\/www.emap.no\/wordpress\/wp-json\/wp\/v2\/types\/page"}],"author":[{"embeddable":true,"href":"https:\/\/www.emap.no\/wordpress\/wp-json\/wp\/v2\/users\/1"}],"replies":[{"embeddable":true,"href":"https:\/\/www.emap.no\/wordpress\/wp-json\/wp\/v2\/comments?post=454"}],"version-history":[{"count":10,"href":"https:\/\/www.emap.no\/wordpress\/wp-json\/wp\/v2\/pages\/454\/revisions"}],"predecessor-version":[{"id":1584,"href":"https:\/\/www.emap.no\/wordpress\/wp-json\/wp\/v2\/pages\/454\/revisions\/1584"}],"up":[{"embeddable":true,"href":"https:\/\/www.emap.no\/wordpress\/wp-json\/wp\/v2\/pages\/452"}],"wp:attachment":[{"href":"https:\/\/www.emap.no\/wordpress\/wp-json\/wp\/v2\/media?parent=454"}],"curies":[{"name":"wp","href":"https:\/\/api.w.org\/{rel}","templated":true}]}}