{"id":460,"date":"2016-09-21T09:56:35","date_gmt":"2016-09-21T08:56:35","guid":{"rendered":"http:\/\/www.emap.no\/wordpress\/?page_id=460"},"modified":"2023-10-16T10:54:57","modified_gmt":"2023-10-16T09:54:57","slug":"veggkart","status":"publish","type":"page","link":"https:\/\/www.emap.no\/wordpress\/produkter\/veggkart\/","title":{"rendered":"Veggkart"},"content":{"rendered":"<div id=\"pl-460\"  class=\"panel-layout\"><div id=\"pg-460-0\"  class=\"panel-grid panel-no-style\"><div id=\"pgc-460-0-0\"  class=\"panel-grid-cell\"><div id=\"panel-460-0-0-0\" class=\"so-panel widget_sow-editor panel-first-child panel-last-child\" data-index=\"0\"><div\n\t\t\t\n\t\t\tclass=\"so-widget-sow-editor so-widget-sow-editor-base\">\n<div class=\"siteorigin-widget-tinymce textwidget\">\n\t<p><\/p><\/div><\/div><\/div><\/div><\/div><\/div><p> <a href=\"https:\/\/www.emap.no\/wordpress\/produkter\/veggkart\/#more-460\" class=\"more-link\">Read More<\/a><\/p>","protected":false},"excerpt":{"rendered":"<p>Vi produserer tiltalende veggkart av h\u00f8y kartografisk kvalitet, noe det ogs\u00e5 ligger en del arbeid bak. Skal du ha et veggkart til hytteveggen eller kontorveggen, kan det derfor v\u00e6re lurt \u00e5 sjekke v\u00e5r veggkartportal p\u00e5\u00a0 finekart.no om vi har noe ferdig i det omr\u00e5det du \u00f8nsker, og som vi kan levere p\u00e5 kort tid (print &hellip; <\/p>\n<p class=\"link-more\"><a href=\"https:\/\/www.emap.no\/wordpress\/produkter\/veggkart\/\" class=\"more-link\">Fortsett \u00e5 lese<span class=\"screen-reader-text\"> \u00abVeggkart\u00bb<\/span><\/a><\/p>\n","protected":false},"author":1,"featured_media":0,"parent":433,"menu_order":0,"comment_status":"closed","ping_status":"closed","template":"","meta":{"spay_email":""},"jetpack_shortlink":"https:\/\/wp.me\/P7l827-7q","_links":{"self":[{"href":"https:\/\/www.emap.no\/wordpress\/wp-json\/wp\/v2\/pages\/460"}],"collection":[{"href":"https:\/\/www.emap.no\/wordpress\/wp-json\/wp\/v2\/pages"}],"about":[{"href":"https:\/\/www.emap.no\/wordpress\/wp-json\/wp\/v2\/types\/page"}],"author":[{"embeddable":true,"href":"https:\/\/www.emap.no\/wordpress\/wp-json\/wp\/v2\/users\/1"}],"replies":[{"embeddable":true,"href":"https:\/\/www.emap.no\/wordpress\/wp-json\/wp\/v2\/comments?post=460"}],"version-history":[{"count":40,"href":"https:\/\/www.emap.no\/wordpress\/wp-json\/wp\/v2\/pages\/460\/revisions"}],"predecessor-version":[{"id":2686,"href":"https:\/\/www.emap.no\/wordpress\/wp-json\/wp\/v2\/pages\/460\/revisions\/2686"}],"up":[{"embeddable":true,"href":"https:\/\/www.emap.no\/wordpress\/wp-json\/wp\/v2\/pages\/433"}],"wp:attachment":[{"href":"https:\/\/www.emap.no\/wordpress\/wp-json\/wp\/v2\/media?parent=460"}],"curies":[{"name":"wp","href":"https:\/\/api.w.org\/{rel}","templated":true}]}}