{"id":470,"date":"2016-09-21T10:13:00","date_gmt":"2016-09-21T09:13:00","guid":{"rendered":"http:\/\/www.emap.no\/wordpress\/?page_id=470"},"modified":"2018-11-03T09:54:39","modified_gmt":"2018-11-03T08:54:39","slug":"bykart-gatekart","status":"publish","type":"page","link":"https:\/\/www.emap.no\/wordpress\/produkter\/bykart-gatekart\/","title":{"rendered":"Bykart, gatekart"},"content":{"rendered":"<p><!--more--><\/p>\n<p><img loading=\"lazy\" class=\"size-medium wp-image-576 alignright\" src=\"https:\/\/www.emap.no\/wordpress\/wp-content\/uploads\/2016\/09\/fi_bykart-300x179.jpg\" alt=\"\" width=\"300\" height=\"179\" srcset=\"https:\/\/www.emap.no\/wordpress\/wp-content\/uploads\/2016\/09\/fi_bykart-300x179.jpg 300w, https:\/\/www.emap.no\/wordpress\/wp-content\/uploads\/2016\/09\/fi_bykart-350x208.jpg 350w, https:\/\/www.emap.no\/wordpress\/wp-content\/uploads\/2016\/09\/fi_bykart-768x457.jpg 768w, https:\/\/www.emap.no\/wordpress\/wp-content\/uploads\/2016\/09\/fi_bykart-1024x609.jpg 1024w, https:\/\/www.emap.no\/wordpress\/wp-content\/uploads\/2016\/09\/fi_bykart-772x459.jpg 772w, https:\/\/www.emap.no\/wordpress\/wp-content\/uploads\/2016\/09\/fi_bykart.jpg 1230w, https:\/\/www.emap.no\/wordpress\/wp-content\/uploads\/2016\/09\/fi_bykart-314x187.jpg 314w, https:\/\/www.emap.no\/wordpress\/wp-content\/uploads\/2016\/09\/fi_bykart-250x149.jpg 250w\" sizes=\"(max-width: 300px) 100vw, 300px\" \/>Gatekart, eller adressekart som vi liker \u00e5 kalle det, er et hjelpemiddel overfor lokalbefolkning og n\u00e6ringsliv i en by eller tettsted \u00e5 finne frem til ulike adresser eller tilbud i sitt omr\u00e5de.<\/p>\n<h2>Et adressekart viser<\/h2>\n<ul>\n<li>Veger med gatenavn og husnummer<\/li>\n<li>Gang- og sykkelveger, samt turveger og turstier<\/li>\n<li>Hvor det er bolig, blokkbebyggelse, n\u00e6ring, industri, institusjoner og friomr\u00e5der\/parker<\/li>\n<li>Offentlige tilbud og attraksjoner<\/li>\n<\/ul>\n<h2>Brukervennlig terrengskygge<\/h2>\n<ul>\n<li>Nyeste relieffteknlogi gir et intuitivt terrengbilde<\/li>\n<li>F\u00e5r vi tilgang p\u00e5 laserdata, kan vi ogs\u00e5 lage realistisk skog<\/li>\n<\/ul>\n<h2>Innlegging av brukerinformasjon<\/h2>\n<ul>\n<li>Utvalg av brukerinformasjon (piktogrammer gj\u00f8res i samarbeid med oppdragsgiver)<\/li>\n<\/ul>\n<h2>Digitalisering<\/h2>\n<ul>\n<li>Et godt adressekart inneholder mye informasjon det ikke finnes gode eller egnede data p\u00e5 \u2014 vi digitaliserer areal og vegnett<\/li>\n<li>Vi klassifiserer bygningene etter hva slags areal de ligger p\u00e5<\/li>\n<\/ul>\n<h2>Baksiden<\/h2>\n<ul>\n<li>Tekst og bilder med offentlig informasjon<\/li>\n<li>Oversiktskart, detaljert sentrumskart, utsnitt av perifere tettsteder.<\/li>\n<li>Gatenavnregister med rutehenvisninger<\/li>\n<\/ul>\n<h2>Se karteksempler<\/h2>\n<div id=\"metaslider-id-965\" style=\"width: 100%;\" class=\"ml-slider-3-92-0 metaslider metaslider-flex metaslider-965 ml-slider ml-slider-lightbox-1-13-2 firelight-lightbox-2-3-4 ms-theme-default\" role=\"region\" aria-roledescription=\"Slideshow\" aria-label=\"Adressekart\">\n    <div id=\"metaslider_container_965\">\n        <div id=\"metaslider_965\">\n            <ul class='slides'>\n                <li style=\"display: none; width: 100%;\" class=\"slide-966 ms-image \" aria-roledescription=\"slide\" aria-label=\"slide-966\"><a href=\"https:\/\/www.emap.no\/wordpress\/wp-content\/uploads\/2016\/03\/elverum-gate-2014.jpg\" target=\"_self\" class=\"metaslider_image_link\" rel=\"lightbox[965]\"><img src=\"https:\/\/www.emap.no\/wordpress\/wp-content\/uploads\/2016\/03\/elverum-gate-2014-250x250.jpg\" height=\"250\" width=\"250\" alt=\"\" class=\"slider-965 slide-966\" \/><\/a><div class=\"caption-wrap\"><div class=\"caption\">Elverum 2013<\/div><\/div><\/li>\n                <li style=\"display: none; width: 100%;\" class=\"slide-967 ms-image \" aria-roledescription=\"slide\" aria-label=\"slide-967\"><a href=\"https:\/\/www.emap.no\/wordpress\/wp-content\/uploads\/2016\/03\/kongsberg-gatekart-2014.jpg\" target=\"_self\" class=\"metaslider_image_link\" rel=\"lightbox[965]\"><img src=\"https:\/\/www.emap.no\/wordpress\/wp-content\/uploads\/2016\/03\/kongsberg-gatekart-2014-250x250.jpg\" height=\"250\" width=\"250\" alt=\"\" class=\"slider-965 slide-967\" \/><\/a><div class=\"caption-wrap\"><div class=\"caption\">Kongsberg 2013<\/div><\/div><\/li>\n                <li style=\"display: none; width: 100%;\" class=\"slide-968 ms-image \" aria-roledescription=\"slide\" aria-label=\"slide-968\"><a href=\"https:\/\/www.emap.no\/wordpress\/wp-content\/uploads\/2016\/03\/midtbyen-gate-2014.jpg\" target=\"_self\" class=\"metaslider_image_link\" rel=\"lightbox[965]\"><img src=\"https:\/\/www.emap.no\/wordpress\/wp-content\/uploads\/2016\/03\/midtbyen-gate-2014-250x250.jpg\" height=\"250\" width=\"250\" alt=\"\" class=\"slider-965 slide-968\" \/><\/a><div class=\"caption-wrap\"><div class=\"caption\">Trondheim sentrum 2014<\/div><\/div><\/li>\n                <li style=\"display: none; width: 100%;\" class=\"slide-969 ms-image \" aria-roledescription=\"slide\" aria-label=\"slide-969\"><a href=\"https:\/\/www.emap.no\/wordpress\/wp-content\/uploads\/2016\/03\/trondheim-gate-2014.jpg\" target=\"_self\" class=\"metaslider_image_link\" rel=\"lightbox[965]\"><img src=\"https:\/\/www.emap.no\/wordpress\/wp-content\/uploads\/2016\/03\/trondheim-gate-2014-250x250.jpg\" height=\"250\" width=\"250\" alt=\"\" class=\"slider-965 slide-969\" \/><\/a><div class=\"caption-wrap\"><div class=\"caption\">Trondheim 2014<\/div><\/div><\/li>\n            <\/ul>\n        <\/div>\n        \n    <\/div>\n<\/div>\n<p>&nbsp;<\/p>\n","protected":false},"excerpt":{"rendered":"","protected":false},"author":1,"featured_media":0,"parent":433,"menu_order":0,"comment_status":"closed","ping_status":"closed","template":"","meta":{"spay_email":""},"jetpack_shortlink":"https:\/\/wp.me\/P7l827-7A","_links":{"self":[{"href":"https:\/\/www.emap.no\/wordpress\/wp-json\/wp\/v2\/pages\/470"}],"collection":[{"href":"https:\/\/www.emap.no\/wordpress\/wp-json\/wp\/v2\/pages"}],"about":[{"href":"https:\/\/www.emap.no\/wordpress\/wp-json\/wp\/v2\/types\/page"}],"author":[{"embeddable":true,"href":"https:\/\/www.emap.no\/wordpress\/wp-json\/wp\/v2\/users\/1"}],"replies":[{"embeddable":true,"href":"https:\/\/www.emap.no\/wordpress\/wp-json\/wp\/v2\/comments?post=470"}],"version-history":[{"count":7,"href":"https:\/\/www.emap.no\/wordpress\/wp-json\/wp\/v2\/pages\/470\/revisions"}],"predecessor-version":[{"id":1419,"href":"https:\/\/www.emap.no\/wordpress\/wp-json\/wp\/v2\/pages\/470\/revisions\/1419"}],"up":[{"embeddable":true,"href":"https:\/\/www.emap.no\/wordpress\/wp-json\/wp\/v2\/pages\/433"}],"wp:attachment":[{"href":"https:\/\/www.emap.no\/wordpress\/wp-json\/wp\/v2\/media?parent=470"}],"curies":[{"name":"wp","href":"https:\/\/api.w.org\/{rel}","templated":true}]}}