{"id":492,"date":"2016-09-22T08:51:19","date_gmt":"2016-09-22T07:51:19","guid":{"rendered":"http:\/\/www.emap.no\/wordpress\/?page_id=492"},"modified":"2018-11-16T15:01:36","modified_gmt":"2018-11-16T14:01:36","slug":"sykkelkart","status":"publish","type":"page","link":"https:\/\/www.emap.no\/wordpress\/produkter\/tur-og-friluftsliv\/sykkelkart\/","title":{"rendered":"Sykkelkart"},"content":{"rendered":"<p><!--more--><\/p>\n<div id=\"metaslider-id-925\" style=\"width: 100%;\" class=\"ml-slider-3-92-0 metaslider metaslider-flex metaslider-925 ml-slider ml-slider-lightbox-1-13-2 firelight-lightbox-2-3-4 ms-theme-default\" role=\"region\" aria-roledescription=\"Slideshow\" aria-label=\"Sykkelkart\">\n    <div id=\"metaslider_container_925\">\n        <div id=\"metaslider_925\">\n            <ul class='slides'>\n                <li style=\"display: none; width: 100%;\" class=\"slide-926 ms-image \" aria-roledescription=\"slide\" aria-label=\"slide-926\"><a href=\"https:\/\/www.emap.no\/wordpress\/wp-content\/uploads\/2016\/03\/Fredrikstad-merlot-2016.jpg\" target=\"_self\" class=\"metaslider_image_link\" rel=\"lightbox[925]\"><img src=\"https:\/\/www.emap.no\/wordpress\/wp-content\/uploads\/2016\/03\/Fredrikstad-merlot-2016-250x250.jpg\" height=\"250\" width=\"250\" alt=\"\" class=\"slider-925 slide-926\" \/><\/a><div class=\"caption-wrap\"><div class=\"caption\">Fredrikstad<\/div><\/div><\/li>\n                <li style=\"display: none; width: 100%;\" class=\"slide-927 ms-image \" aria-roledescription=\"slide\" aria-label=\"slide-927\"><a href=\"https:\/\/www.emap.no\/wordpress\/wp-content\/uploads\/2016\/03\/Vestfold-sykkel_2016.jpg\" target=\"_self\" class=\"metaslider_image_link\" rel=\"lightbox[925]\"><img src=\"https:\/\/www.emap.no\/wordpress\/wp-content\/uploads\/2016\/03\/Vestfold-sykkel_2016-250x250.jpg\" height=\"250\" width=\"250\" alt=\"\" class=\"slider-925 slide-927\" \/><\/a><div class=\"caption-wrap\"><div class=\"caption\">Vestfold<\/div><\/div><\/li>\n                <li style=\"display: none; width: 100%;\" class=\"slide-928 ms-image \" aria-roledescription=\"slide\" aria-label=\"slide-928\"><a href=\"https:\/\/www.emap.no\/wordpress\/wp-content\/uploads\/2016\/03\/trondheim-sykkel-2011.jpg\" target=\"_self\" class=\"metaslider_image_link\" rel=\"lightbox[925]\"><img src=\"https:\/\/www.emap.no\/wordpress\/wp-content\/uploads\/2016\/03\/trondheim-sykkel-2011-250x250.jpg\" height=\"250\" width=\"250\" alt=\"\" class=\"slider-925 slide-928\" \/><\/a><div class=\"caption-wrap\"><div class=\"caption\">Trondheim<\/div><\/div><\/li>\n                <li style=\"display: none; width: 100%;\" class=\"slide-929 ms-image \" aria-roledescription=\"slide\" aria-label=\"slide-929\"><a href=\"https:\/\/www.emap.no\/wordpress\/wp-content\/uploads\/2016\/03\/Oslofjorden-2016.jpg\" target=\"_self\" class=\"metaslider_image_link\" rel=\"lightbox[925]\"><img src=\"https:\/\/www.emap.no\/wordpress\/wp-content\/uploads\/2016\/03\/Oslofjorden-2016-250x250.jpg\" height=\"250\" width=\"250\" alt=\"\" class=\"slider-925 slide-929\" \/><\/a><div class=\"caption-wrap\"><div class=\"caption\">Oslofjorden<\/div><\/div><\/li>\n                <li style=\"display: none; width: 100%;\" class=\"slide-930 ms-image \" aria-roledescription=\"slide\" aria-label=\"slide-930\"><a href=\"https:\/\/www.emap.no\/wordpress\/wp-content\/uploads\/2016\/03\/Mjostrakk-2012.jpg\" target=\"_self\" class=\"metaslider_image_link\" rel=\"lightbox[925]\"><img src=\"https:\/\/www.emap.no\/wordpress\/wp-content\/uploads\/2016\/03\/Mjostrakk-2012-250x250.jpg\" height=\"250\" width=\"250\" alt=\"\" class=\"slider-925 slide-930\" \/><\/a><div class=\"caption-wrap\"><div class=\"caption\">Mj\u00f8str\u00e5kk<\/div><\/div><\/li>\n                <li style=\"display: none; width: 100%;\" class=\"slide-931 ms-image \" aria-roledescription=\"slide\" aria-label=\"slide-931\"><a href=\"https:\/\/www.emap.no\/wordpress\/wp-content\/uploads\/2016\/03\/HortenVF-2016.jpg\" target=\"_self\" class=\"metaslider_image_link\" rel=\"lightbox[925]\"><img src=\"https:\/\/www.emap.no\/wordpress\/wp-content\/uploads\/2016\/03\/HortenVF-2016-250x250.jpg\" height=\"250\" width=\"250\" alt=\"\" class=\"slider-925 slide-931\" \/><\/a><div class=\"caption-wrap\"><div class=\"caption\">Horten<\/div><\/div><\/li>\n                <li style=\"display: none; width: 100%;\" class=\"slide-932 ms-image \" aria-roledescription=\"slide\" aria-label=\"slide-932\"><a href=\"https:\/\/www.emap.no\/wordpress\/wp-content\/uploads\/2016\/03\/HelgalandSykkel-2015.jpg\" target=\"_self\" class=\"metaslider_image_link\" rel=\"lightbox[925]\"><img src=\"https:\/\/www.emap.no\/wordpress\/wp-content\/uploads\/2016\/03\/HelgalandSykkel-2015-250x250.jpg\" height=\"250\" width=\"250\" alt=\"\" class=\"slider-925 slide-932\" \/><\/a><div class=\"caption-wrap\"><div class=\"caption\">Helgelandskysten<\/div><\/div><\/li>\n                <li style=\"display: none; width: 100%;\" class=\"slide-933 ms-image \" aria-roledescription=\"slide\" aria-label=\"slide-933\"><a href=\"https:\/\/www.emap.no\/wordpress\/wp-content\/uploads\/2016\/03\/hamar-sykkel-2011.jpg\" target=\"_self\" class=\"metaslider_image_link\" rel=\"lightbox[925]\"><img src=\"https:\/\/www.emap.no\/wordpress\/wp-content\/uploads\/2016\/03\/hamar-sykkel-2011-250x250.jpg\" height=\"250\" width=\"250\" alt=\"\" class=\"slider-925 slide-933\" \/><\/a><div class=\"caption-wrap\"><div class=\"caption\">Hamar<\/div><\/div><\/li>\n            <\/ul>\n        <\/div>\n        \n    <\/div>\n<\/div>\n<p>&nbsp;<\/p>\n<p><a href=\"https:\/\/www.emap.no\/wordpress\/wp-content\/uploads\/2018\/11\/kat_sykkelkart.png\"><img loading=\"lazy\" class=\"alignright wp-image-1533 size-medium\" src=\"https:\/\/www.emap.no\/wordpress\/wp-content\/uploads\/2018\/11\/kat_sykkelkart-300x228.png\" alt=\"\" width=\"300\" height=\"228\" srcset=\"https:\/\/www.emap.no\/wordpress\/wp-content\/uploads\/2018\/11\/kat_sykkelkart-300x228.png 300w, https:\/\/www.emap.no\/wordpress\/wp-content\/uploads\/2018\/11\/kat_sykkelkart-768x584.png 768w, https:\/\/www.emap.no\/wordpress\/wp-content\/uploads\/2018\/11\/kat_sykkelkart-350x266.png 350w, https:\/\/www.emap.no\/wordpress\/wp-content\/uploads\/2018\/11\/kat_sykkelkart.png 1000w\" sizes=\"(max-width: 300px) 100vw, 300px\" \/><\/a>Det er to typer sykkelkart:<\/p>\n<ul>\n<li>Kart som viser foresl\u00e5tte\/anbefalte sykkelruter man kan sykle i et omr\u00e5de. Disse kan v\u00e6re skiltet\/merket, og turene b\u00f8r f\u00f8lge trygge ruter langs lite trafikerte veger eller gang- og sykkelveger.<\/li>\n<li>Kart som viser tilrettelegging i form av skilting, gang- og sykkelveger, sykkelfelt, og turveger i en by eller tettsted. Brukeren vil bruke dette til \u00e5 finne trygge vegvalg i sitt n\u00e6rmilj\u00f8.<\/li>\n<\/ul>\n<p>Kart kan produseres som store falsede kart, eller som hefter eller kort som er praktiske \u00e5 sette inn i kartmappa p\u00e5 sykkelstyret.<\/p>\n<p>&nbsp;<\/p>\n","protected":false},"excerpt":{"rendered":"","protected":false},"author":1,"featured_media":0,"parent":439,"menu_order":0,"comment_status":"closed","ping_status":"closed","template":"","meta":{"spay_email":""},"jetpack_shortlink":"https:\/\/wp.me\/P7l827-7W","_links":{"self":[{"href":"https:\/\/www.emap.no\/wordpress\/wp-json\/wp\/v2\/pages\/492"}],"collection":[{"href":"https:\/\/www.emap.no\/wordpress\/wp-json\/wp\/v2\/pages"}],"about":[{"href":"https:\/\/www.emap.no\/wordpress\/wp-json\/wp\/v2\/types\/page"}],"author":[{"embeddable":true,"href":"https:\/\/www.emap.no\/wordpress\/wp-json\/wp\/v2\/users\/1"}],"replies":[{"embeddable":true,"href":"https:\/\/www.emap.no\/wordpress\/wp-json\/wp\/v2\/comments?post=492"}],"version-history":[{"count":13,"href":"https:\/\/www.emap.no\/wordpress\/wp-json\/wp\/v2\/pages\/492\/revisions"}],"predecessor-version":[{"id":1576,"href":"https:\/\/www.emap.no\/wordpress\/wp-json\/wp\/v2\/pages\/492\/revisions\/1576"}],"up":[{"embeddable":true,"href":"https:\/\/www.emap.no\/wordpress\/wp-json\/wp\/v2\/pages\/439"}],"wp:attachment":[{"href":"https:\/\/www.emap.no\/wordpress\/wp-json\/wp\/v2\/media?parent=492"}],"curies":[{"name":"wp","href":"https:\/\/api.w.org\/{rel}","templated":true}]}}