{"id":494,"date":"2016-09-22T08:54:05","date_gmt":"2016-09-22T07:54:05","guid":{"rendered":"http:\/\/www.emap.no\/wordpress\/?page_id=494"},"modified":"2018-11-16T15:10:52","modified_gmt":"2018-11-16T14:10:52","slug":"skikart","status":"publish","type":"page","link":"https:\/\/www.emap.no\/wordpress\/produkter\/tur-og-friluftsliv\/skikart\/","title":{"rendered":"Skikart"},"content":{"rendered":"<p><!--more--><\/p>\n<div id=\"metaslider-id-935\" style=\"width: 100%;\" class=\"ml-slider-3-92-0 metaslider metaslider-flex metaslider-935 ml-slider ml-slider-lightbox-1-13-2 firelight-lightbox-2-3-4 ms-theme-default\" role=\"region\" aria-roledescription=\"Slideshow\" aria-label=\"Skikart\">\n    <div id=\"metaslider_container_935\">\n        <div id=\"metaslider_935\">\n            <ul class='slides'>\n                <li style=\"display: none; width: 100%;\" class=\"slide-936 ms-image \" aria-roledescription=\"slide\" aria-label=\"slide-936\"><a href=\"https:\/\/www.emap.no\/wordpress\/wp-content\/uploads\/2016\/09\/pilegrimsrennet2016.jpg\" target=\"_self\" class=\"metaslider_image_link\" rel=\"lightbox[935]\"><img src=\"https:\/\/www.emap.no\/wordpress\/wp-content\/uploads\/2016\/09\/pilegrimsrennet2016-250x250.jpg\" height=\"250\" width=\"250\" alt=\"\" class=\"slider-935 slide-936\" \/><\/a><div class=\"caption-wrap\"><div class=\"caption\">Pilegrimsrennet 2016<\/div><\/div><\/li>\n                <li style=\"display: none; width: 100%;\" class=\"slide-937 ms-image \" aria-roledescription=\"slide\" aria-label=\"slide-937\"><a href=\"https:\/\/www.emap.no\/wordpress\/wp-content\/uploads\/2016\/09\/HL-75km-2011.jpg\" target=\"_self\" class=\"metaslider_image_link\" rel=\"lightbox[935]\"><img src=\"https:\/\/www.emap.no\/wordpress\/wp-content\/uploads\/2016\/09\/HL-75km-2011-250x250.jpg\" height=\"250\" width=\"250\" alt=\"\" class=\"slider-935 slide-937\" \/><\/a><div class=\"caption-wrap\"><div class=\"caption\">Hovedlandsrennet 2011<\/div><\/div><\/li>\n                <li style=\"display: none; width: 100%;\" class=\"slide-939 ms-image \" aria-roledescription=\"slide\" aria-label=\"slide-939\"><a href=\"https:\/\/www.emap.no\/wordpress\/wp-content\/uploads\/2016\/09\/venabygdsfjellet-2016.jpg\" target=\"_self\" class=\"metaslider_image_link\" rel=\"lightbox[935]\"><img src=\"https:\/\/www.emap.no\/wordpress\/wp-content\/uploads\/2016\/09\/venabygdsfjellet-2016-250x250.jpg\" height=\"250\" width=\"250\" alt=\"\" class=\"slider-935 slide-939\" \/><\/a><div class=\"caption-wrap\"><div class=\"caption\">Venabygdsfjellet 2016<\/div><\/div><\/li>\n            <\/ul>\n        <\/div>\n        \n    <\/div>\n<\/div>\n<p><a href=\"https:\/\/www.emap.no\/wordpress\/wp-content\/uploads\/2018\/10\/skiing.jpg\"><img loading=\"lazy\" class=\"alignright wp-image-1142 size-medium\" src=\"https:\/\/www.emap.no\/wordpress\/wp-content\/uploads\/2018\/10\/skiing-300x225.jpg\" alt=\"\" width=\"300\" height=\"225\" srcset=\"https:\/\/www.emap.no\/wordpress\/wp-content\/uploads\/2018\/10\/skiing-300x225.jpg 300w, https:\/\/www.emap.no\/wordpress\/wp-content\/uploads\/2018\/10\/skiing-350x263.jpg 350w, https:\/\/www.emap.no\/wordpress\/wp-content\/uploads\/2018\/10\/skiing-768x576.jpg 768w, https:\/\/www.emap.no\/wordpress\/wp-content\/uploads\/2018\/10\/skiing-1024x768.jpg 1024w, https:\/\/www.emap.no\/wordpress\/wp-content\/uploads\/2018\/10\/skiing.jpg 1200w\" sizes=\"(max-width: 300px) 100vw, 300px\" \/><\/a>Skikartene viser tilbud av skil\u00f8yper i et omr\u00e5de.<\/p>\n<p>Vi lager disse gjerne med et &#8220;vinterlig&#8221; uttrykk, og er kartet i et fjellomr\u00e5de legger vi ogs\u00e5 p\u00e5 omr\u00e5der med skredfare.<\/p>\n<p>&nbsp;<\/p>\n","protected":false},"excerpt":{"rendered":"","protected":false},"author":1,"featured_media":0,"parent":439,"menu_order":0,"comment_status":"closed","ping_status":"closed","template":"","meta":{"spay_email":""},"jetpack_shortlink":"https:\/\/wp.me\/P7l827-7Y","_links":{"self":[{"href":"https:\/\/www.emap.no\/wordpress\/wp-json\/wp\/v2\/pages\/494"}],"collection":[{"href":"https:\/\/www.emap.no\/wordpress\/wp-json\/wp\/v2\/pages"}],"about":[{"href":"https:\/\/www.emap.no\/wordpress\/wp-json\/wp\/v2\/types\/page"}],"author":[{"embeddable":true,"href":"https:\/\/www.emap.no\/wordpress\/wp-json\/wp\/v2\/users\/1"}],"replies":[{"embeddable":true,"href":"https:\/\/www.emap.no\/wordpress\/wp-json\/wp\/v2\/comments?post=494"}],"version-history":[{"count":8,"href":"https:\/\/www.emap.no\/wordpress\/wp-json\/wp\/v2\/pages\/494\/revisions"}],"predecessor-version":[{"id":1579,"href":"https:\/\/www.emap.no\/wordpress\/wp-json\/wp\/v2\/pages\/494\/revisions\/1579"}],"up":[{"embeddable":true,"href":"https:\/\/www.emap.no\/wordpress\/wp-json\/wp\/v2\/pages\/439"}],"wp:attachment":[{"href":"https:\/\/www.emap.no\/wordpress\/wp-json\/wp\/v2\/media?parent=494"}],"curies":[{"name":"wp","href":"https:\/\/api.w.org\/{rel}","templated":true}]}}