{"id":656,"date":"2017-02-28T14:20:02","date_gmt":"2017-02-28T13:20:02","guid":{"rendered":"http:\/\/www.emap.no\/wordpress\/?page_id=656"},"modified":"2018-10-25T21:53:01","modified_gmt":"2018-10-25T20:53:01","slug":"o-kart","status":"publish","type":"page","link":"https:\/\/www.emap.no\/wordpress\/o-kart\/","title":{"rendered":"O-kart"},"content":{"rendered":"<div id=\"pl-656\"  class=\"panel-layout\" ><div id=\"pg-656-0\"  class=\"panel-grid panel-no-style\" ><div id=\"pgc-656-0-0\"  class=\"panel-grid-cell\" ><div id=\"panel-656-0-0-0\" class=\"so-panel widget_sow-editor panel-first-child panel-last-child\" data-index=\"0\" ><div\n\t\t\t\n\t\t\tclass=\"so-widget-sow-editor so-widget-sow-editor-base\"\n\t\t\t\n\t\t>\n<div class=\"siteorigin-widget-tinymce textwidget\">\n\t<p><img loading=\"lazy\" class=\"size-medium wp-image-804 alignright\" src=\"https:\/\/www.emap.no\/wordpress\/wp-content\/uploads\/2017\/02\/Olav_Lundanes_World_Orienteering_Championships_2010-300x200.jpg\" alt=\"\" width=\"300\" height=\"200\" srcset=\"https:\/\/www.emap.no\/wordpress\/wp-content\/uploads\/2017\/02\/Olav_Lundanes_World_Orienteering_Championships_2010-300x200.jpg 300w, https:\/\/www.emap.no\/wordpress\/wp-content\/uploads\/2017\/02\/Olav_Lundanes_World_Orienteering_Championships_2010-350x234.jpg 350w, https:\/\/www.emap.no\/wordpress\/wp-content\/uploads\/2017\/02\/Olav_Lundanes_World_Orienteering_Championships_2010-768x513.jpg 768w, https:\/\/www.emap.no\/wordpress\/wp-content\/uploads\/2017\/02\/Olav_Lundanes_World_Orienteering_Championships_2010-1024x684.jpg 1024w, https:\/\/www.emap.no\/wordpress\/wp-content\/uploads\/2017\/02\/Olav_Lundanes_World_Orienteering_Championships_2010-772x515.jpg 772w, https:\/\/www.emap.no\/wordpress\/wp-content\/uploads\/2017\/02\/Olav_Lundanes_World_Orienteering_Championships_2010-1230x821.jpg 1230w, https:\/\/www.emap.no\/wordpress\/wp-content\/uploads\/2017\/02\/Olav_Lundanes_World_Orienteering_Championships_2010-87x58.jpg 87w, https:\/\/www.emap.no\/wordpress\/wp-content\/uploads\/2017\/02\/Olav_Lundanes_World_Orienteering_Championships_2010-272x182.jpg 272w, https:\/\/www.emap.no\/wordpress\/wp-content\/uploads\/2017\/02\/Olav_Lundanes_World_Orienteering_Championships_2010.jpg 1600w\" sizes=\"(max-width: 300px) 100vw, 300px\" \/>Vi er <a href=\"http:\/\/www.orientering.no\/om-idretten\/kart\/print-av-kart\/\">autorisert <\/a>for printing av orienteringskart til trening og konkurranse. V\u00e5r OKI C930 LED-laser tar formater opp til A3 (med 5 mm marg).<\/p>\n<p>Dere kan laste opp kart (kun PDF) til v\u00e5r <a href=\"https:\/\/www.emap.no\/okart\/\" target=\"_blank\" rel=\"noopener\">o-karttjeneste<\/a>, og kartene kan leveres p\u00e5 dagen hvis vi f\u00e5r kartet f\u00f8r lunsj. \u00a0Skal dere arrangere et st\u00f8rre l\u00f8p, kan det v\u00e6re lurt \u00e5 ta <a href=\"https:\/\/www.emap.no\/wordpress\/kontakt\/\">kontakt<\/a> i god tid slik at vi kan sikre at vi har nok papir p\u00e5 lager.<\/p>\n<\/div>\n<\/div><\/div><\/div><\/div><div id=\"pg-656-1\"  class=\"panel-grid panel-no-style\" ><div id=\"pgc-656-1-0\"  class=\"panel-grid-cell\" ><div id=\"panel-656-1-0-0\" class=\"so-panel widget_sow-image panel-first-child panel-last-child\" data-index=\"1\" ><div\n\t\t\t\n\t\t\tclass=\"so-widget-sow-image so-widget-sow-image-default-8b5b6f678277-656\"\n\t\t\t\n\t\t>\n\n<div class=\"sow-image-container\">\n\t\t\t<a href=\"https:\/\/www.emap.no\/wordpress\/o-kart\/tips\/\"\n\t\t\t\t\t>\n\t\t\t<img src=\"https:\/\/www.emap.no\/wordpress\/wp-content\/uploads\/2018\/10\/okarttips.jpg\" width=\"1200\" height=\"900\" srcset=\"https:\/\/www.emap.no\/wordpress\/wp-content\/uploads\/2018\/10\/okarttips.jpg 1200w, https:\/\/www.emap.no\/wordpress\/wp-content\/uploads\/2018\/10\/okarttips-300x225.jpg 300w, https:\/\/www.emap.no\/wordpress\/wp-content\/uploads\/2018\/10\/okarttips-768x576.jpg 768w, https:\/\/www.emap.no\/wordpress\/wp-content\/uploads\/2018\/10\/okarttips-1024x768.jpg 1024w, https:\/\/www.emap.no\/wordpress\/wp-content\/uploads\/2018\/10\/okarttips-350x263.jpg 350w\" sizes=\"(max-width: 706px) 89vw, (max-width: 767px) 82vw, 740px\" title=\"Tips\" alt=\"\" loading=\"lazy\" \t\tclass=\"so-widget-image\"\/>\n\t<\/a><\/div>\n\n<h3 class=\"widget-title\">Tips<\/h3><\/div><\/div><\/div><div id=\"pgc-656-1-1\"  class=\"panel-grid-cell\" ><div id=\"panel-656-1-1-0\" class=\"so-panel widget_sow-image panel-first-child panel-last-child\" data-index=\"2\" ><div\n\t\t\t\n\t\t\tclass=\"so-widget-sow-image so-widget-sow-image-default-8b5b6f678277-656\"\n\t\t\t\n\t\t>\n\n<div class=\"sow-image-container\">\n\t\t\t<a href=\"https:\/\/www.emap.no\/wordpress\/o-kart\/last-opp-filer\/\"\n\t\t\t\t\t>\n\t\t\t<img src=\"https:\/\/www.emap.no\/wordpress\/wp-content\/uploads\/2018\/10\/oki900serie.jpg\" width=\"800\" height=\"600\" srcset=\"https:\/\/www.emap.no\/wordpress\/wp-content\/uploads\/2018\/10\/oki900serie.jpg 800w, https:\/\/www.emap.no\/wordpress\/wp-content\/uploads\/2018\/10\/oki900serie-300x225.jpg 300w, https:\/\/www.emap.no\/wordpress\/wp-content\/uploads\/2018\/10\/oki900serie-768x576.jpg 768w, https:\/\/www.emap.no\/wordpress\/wp-content\/uploads\/2018\/10\/oki900serie-350x263.jpg 350w\" sizes=\"(max-width: 706px) 89vw, (max-width: 767px) 82vw, 740px\" title=\"Last opp filer\" alt=\"\" loading=\"lazy\" \t\tclass=\"so-widget-image\"\/>\n\t<\/a><\/div>\n\n<h3 class=\"widget-title\">Last opp filer<\/h3><\/div><\/div><\/div><div id=\"pgc-656-1-2\"  class=\"panel-grid-cell\" ><div id=\"panel-656-1-2-0\" class=\"so-panel widget_sow-image panel-first-child panel-last-child\" data-index=\"3\" ><div\n\t\t\t\n\t\t\tclass=\"so-widget-sow-image so-widget-sow-image-default-8b5b6f678277-656\"\n\t\t\t\n\t\t>\n\n<div class=\"sow-image-container\">\n\t\t\t<a href=\"https:\/\/www.emap.no\/wordpress\/o-kart\/o-kart-prisliste\/\"\n\t\t\t\t\t>\n\t\t\t<img src=\"https:\/\/www.emap.no\/wordpress\/wp-content\/uploads\/2018\/10\/priser.jpg\" width=\"1200\" height=\"900\" srcset=\"https:\/\/www.emap.no\/wordpress\/wp-content\/uploads\/2018\/10\/priser.jpg 1200w, https:\/\/www.emap.no\/wordpress\/wp-content\/uploads\/2018\/10\/priser-300x225.jpg 300w, https:\/\/www.emap.no\/wordpress\/wp-content\/uploads\/2018\/10\/priser-768x576.jpg 768w, https:\/\/www.emap.no\/wordpress\/wp-content\/uploads\/2018\/10\/priser-1024x768.jpg 1024w, https:\/\/www.emap.no\/wordpress\/wp-content\/uploads\/2018\/10\/priser-350x263.jpg 350w\" sizes=\"(max-width: 706px) 89vw, (max-width: 767px) 82vw, 740px\" title=\"Priser\" alt=\"\" loading=\"lazy\" \t\tclass=\"so-widget-image\"\/>\n\t<\/a><\/div>\n\n<h3 class=\"widget-title\">Priser<\/h3><\/div><\/div><\/div><\/div><div id=\"pg-656-2\"  class=\"panel-grid panel-no-style\" ><div id=\"pgc-656-2-0\"  class=\"panel-grid-cell\" ><div id=\"panel-656-2-0-0\" class=\"so-panel widget_sow-editor panel-first-child panel-last-child\" data-index=\"4\" ><div\n\t\t\t\n\t\t\tclass=\"so-widget-sow-editor so-widget-sow-editor-base\"\n\t\t\t\n\t\t>\n<div class=\"siteorigin-widget-tinymce textwidget\">\n\t<h2>Gjenbruk<\/h2>\n<p>F\u00e5r dere ubrukte kart til overs etter l\u00f8pet og det er trykk p\u00e5 en side, kj\u00f8per vi disse tilbake for 10 \u00f8re per kart. \u00a0Vi vil da kunne gjenbruke disse kartene til trening ved \u00e5 trykke p\u00e5 baksiden til redusert pris. Dere m\u00e5 da selv fjerne plastposene p\u00e5 kartene f\u00f8r de leveres til oss.<\/p>\n<h2>Papir<\/h2>\n<p>Vi printer normalt p\u00e5 Colotec+. \u00a0Til trening kan vi ogs\u00e5 printe p\u00e5 vanlig kopipapir eller gjenbruke ubrukte kart fra tidligere l\u00f8p. \u00a0\u00d8nsker dere vannfast papir (Pretex) m\u00e5 vi bestille dette p\u00e5 i god tid forh\u00e5nd da det er to uker leveringstid. Ta <a href=\"https:\/\/www.emap.no\/wordpress\/kontakt\/\">kontakt<\/a> for pristilbud.<\/p>\n<\/div>\n<\/div><\/div><\/div><\/div><\/div>","protected":false},"excerpt":{"rendered":"<p>Vi er autorisert for printing av orienteringskart til trening og konkurranse. V\u00e5r OKI C930 LED-laser tar formater opp til A3 (med 5 mm marg). Dere kan laste opp kart (kun PDF) til v\u00e5r o-karttjeneste, og kartene kan leveres p\u00e5 dagen hvis vi f\u00e5r kartet f\u00f8r lunsj. \u00a0Skal dere arrangere et st\u00f8rre l\u00f8p, kan det v\u00e6re &hellip; <\/p>\n<p class=\"link-more\"><a href=\"https:\/\/www.emap.no\/wordpress\/o-kart\/\" class=\"more-link\">Fortsett \u00e5 lese<span class=\"screen-reader-text\"> \u00abO-kart\u00bb<\/span><\/a><\/p>\n","protected":false},"author":1,"featured_media":0,"parent":0,"menu_order":0,"comment_status":"closed","ping_status":"closed","template":"","meta":{"spay_email":""},"jetpack_shortlink":"https:\/\/wp.me\/P7l827-aA","_links":{"self":[{"href":"https:\/\/www.emap.no\/wordpress\/wp-json\/wp\/v2\/pages\/656"}],"collection":[{"href":"https:\/\/www.emap.no\/wordpress\/wp-json\/wp\/v2\/pages"}],"about":[{"href":"https:\/\/www.emap.no\/wordpress\/wp-json\/wp\/v2\/types\/page"}],"author":[{"embeddable":true,"href":"https:\/\/www.emap.no\/wordpress\/wp-json\/wp\/v2\/users\/1"}],"replies":[{"embeddable":true,"href":"https:\/\/www.emap.no\/wordpress\/wp-json\/wp\/v2\/comments?post=656"}],"version-history":[{"count":25,"href":"https:\/\/www.emap.no\/wordpress\/wp-json\/wp\/v2\/pages\/656\/revisions"}],"predecessor-version":[{"id":1345,"href":"https:\/\/www.emap.no\/wordpress\/wp-json\/wp\/v2\/pages\/656\/revisions\/1345"}],"wp:attachment":[{"href":"https:\/\/www.emap.no\/wordpress\/wp-json\/wp\/v2\/media?parent=656"}],"curies":[{"name":"wp","href":"https:\/\/api.w.org\/{rel}","templated":true}]}}