{"id":660,"date":"2017-02-28T14:41:32","date_gmt":"2017-02-28T13:41:32","guid":{"rendered":"http:\/\/www.emap.no\/wordpress\/?page_id=660"},"modified":"2025-03-17T14:15:36","modified_gmt":"2025-03-17T13:15:36","slug":"tips","status":"publish","type":"page","link":"https:\/\/www.emap.no\/wordpress\/o-kart\/tips\/","title":{"rendered":"Tips for O-kart trykk"},"content":{"rendered":"<p><!--more--><br>Her er noen tips for optimalt resultat ved trykk av O-kart.<\/p>\n<h2>Layout<\/h2>\n<h3>Logoer<\/h3>\n<p>For dere som bruker Ocad, v\u00e6r oppmerksom p\u00e5 at hvis dere setter inn logoer i bildeformat (jpeg, tiff, png, gif el.) som bakgrunnsbilder, s\u00e5 vil Ocad eksportere kartene i en bildeformat PDF med litt for h\u00f8y jpeg-komprimering. Dette blir ikke s\u00e6rlig vellykket. For korrekt m\u00e5te \u00e5 gj\u00f8re dette p\u00e5 se <a href=\"https:\/\/ocad.com\/blog\/2018\/08\/add-raster-logos-to-your-map\/\">her<\/a>.<\/p>\n<h3>Marger<\/h3>\n<p>Printeren v\u00e5r, som de fleste andre printere trykker ikke ut til papirkanten. I s\u00e5 fall m\u00e5 vi printe p\u00e5 et st\u00f8rre papir og skj\u00e6re ned.&nbsp; Dette koster ekstra.&nbsp; S\u00f8rg derfor at du har 5 mm marg\/hvit kant rundt kartene dere sender til oss.<\/p>\n<h2>Eksport til PDF<\/h2>\n<p>Vi mottar fortrinns PDF-filer for trykk, dvs. at du m\u00e5 selv eksportere dette fra Ocad eller PurplePen og sende filene til oss.<\/p>\n<h3>Eksport fra Ocad<\/h3>\n<ul>\n<li>Sikre at bakgrunnskartet st\u00e5r i visningsmodus &#8220;normal&#8221;\/&#8221;utskriftsodus&#8221;.<\/li>\n<li>Sikre ogs\u00e5 at l\u00f8yperleggerprosjektet st\u00e5r i visningsmodus &#8220;normal&#8221;\/&#8221;utskriftsmodus&#8221;.<\/li>\n<li>Fra <strong>Fil<\/strong>-menyen, velg <strong>Eksport PDF<\/strong>, eller fra L\u00f8ype-menyen.<\/li>\n<li>Velg alle l\u00f8ypene, og kryss gjerne ogs\u00e5 av for alle postene for utsetting og innsetting av poster.<\/li>\n<\/ul>\n<p>De resulterende PDF-filene, kan dere last opp til oss.<\/p>\n<h3>Eksport fra PurplePen<\/h3>\n<p>I PurplePen er dette enda enklere.<\/p>\n<ul>\n<li>I <strong>Fil<\/strong>-menyen, velg <strong>Lag PDF&#8230;<\/strong><\/li>\n<li>Velg alle l\u00f8ypene, og gjerne en med alle postene for utsetting og innsetting av poster.<\/li>\n<\/ul>\n<p>De resulterende PDF-filene, kan dere last opp til oss.<\/p>\n<h2>L\u00f8se postbeskrivelser<\/h2>\n<p>Ocad har ikke noen egen funksjon for \u00e5 eksportere l\u00f8se postbeskrivelser som PDF.&nbsp; Derimot kan du printe disse til en PDF-skriver.&nbsp; Mange PC-er leveres i dag med en slik &#8220;printer-driver&#8221;, du kan bruke denne.&nbsp; Hvis ikke anbefaler vi \u00e5 bruke <a href=\"http:\/\/www.cutepdf.com\/\">CutePDF Writer<\/a>, den er forresten bedre enn de som kommer forh\u00e5ndsinstallert med PC-er.<\/p>\n<p>I PurplePen kan du eksportere l\u00f8se postbeskrivelser som PDF.<\/p>\n<h2>&nbsp;<\/h2>\n\n\n<p><\/p>\n","protected":false},"excerpt":{"rendered":"","protected":false},"author":1,"featured_media":0,"parent":656,"menu_order":0,"comment_status":"closed","ping_status":"closed","template":"","meta":{"spay_email":""},"jetpack_shortlink":"https:\/\/wp.me\/P7l827-aE","_links":{"self":[{"href":"https:\/\/www.emap.no\/wordpress\/wp-json\/wp\/v2\/pages\/660"}],"collection":[{"href":"https:\/\/www.emap.no\/wordpress\/wp-json\/wp\/v2\/pages"}],"about":[{"href":"https:\/\/www.emap.no\/wordpress\/wp-json\/wp\/v2\/types\/page"}],"author":[{"embeddable":true,"href":"https:\/\/www.emap.no\/wordpress\/wp-json\/wp\/v2\/users\/1"}],"replies":[{"embeddable":true,"href":"https:\/\/www.emap.no\/wordpress\/wp-json\/wp\/v2\/comments?post=660"}],"version-history":[{"count":38,"href":"https:\/\/www.emap.no\/wordpress\/wp-json\/wp\/v2\/pages\/660\/revisions"}],"predecessor-version":[{"id":2714,"href":"https:\/\/www.emap.no\/wordpress\/wp-json\/wp\/v2\/pages\/660\/revisions\/2714"}],"up":[{"embeddable":true,"href":"https:\/\/www.emap.no\/wordpress\/wp-json\/wp\/v2\/pages\/656"}],"wp:attachment":[{"href":"https:\/\/www.emap.no\/wordpress\/wp-json\/wp\/v2\/media?parent=660"}],"curies":[{"name":"wp","href":"https:\/\/api.w.org\/{rel}","templated":true}]}}