{"id":707,"date":"2017-03-21T11:00:22","date_gmt":"2017-03-21T10:00:22","guid":{"rendered":"http:\/\/www.emap.no\/wordpress\/?page_id=707"},"modified":"2026-03-26T15:04:15","modified_gmt":"2026-03-26T14:04:15","slug":"o-kart-prisliste","status":"publish","type":"page","link":"https:\/\/www.emap.no\/wordpress\/o-kart\/o-kart-prisliste\/","title":{"rendered":"O-kart, prisliste"},"content":{"rendered":"<p><!--more--><\/p>\n<h2>Priser<\/h2>\n<p>Alle priser er eks. MVA.<\/p>\n\n<table id=\"tablepress-3\" class=\"tablepress tablepress-id-3\">\n<thead>\n<tr class=\"row-1 odd\">\n\t<th class=\"column-1\">Format\/Papir<\/th><th class=\"column-2\">Kartpapir (kr)<\/th><th class=\"column-3\">Vannfast materiale (kr)<\/th>\n<\/tr>\n<\/thead>\n<tbody class=\"row-hover\">\n<tr class=\"row-2 even\">\n\t<td class=\"column-1\">A4<\/td><td class=\"column-2\">7,00<\/td><td class=\"column-3\">12,00<\/td>\n<\/tr>\n<tr class=\"row-3 odd\">\n\t<td class=\"column-1\">A3<\/td><td class=\"column-2\">12,00<\/td><td class=\"column-3\">23.00<\/td>\n<\/tr>\n<tr class=\"row-4 even\">\n\t<td class=\"column-1\">A4, stafett<\/td><td class=\"column-2\">10,00<\/td><td class=\"column-3\">16,00<\/td>\n<\/tr>\n<tr class=\"row-5 odd\">\n\t<td class=\"column-1\">A4, to-sidig<\/td><td class=\"column-2\">14,00<\/td><td class=\"column-3\">18,00<\/td>\n<\/tr>\n<tr class=\"row-6 even\">\n\t<td class=\"column-1\">A3, to-sidig<\/td><td class=\"column-2\">18,00<\/td><td class=\"column-3\">32.00<\/td>\n<\/tr>\n<tr class=\"row-7 odd\">\n\t<td class=\"column-1\">Gjenbruk, A4<\/td><td class=\"column-2\">5,00<\/td><td class=\"column-3\">6,00<\/td>\n<\/tr>\n<tr class=\"row-8 even\">\n\t<td class=\"column-1\">L\u00f8se postbeskrivelser (per stk)<\/td><td class=\"column-2\">1,50<\/td><td class=\"column-3\"><\/td>\n<\/tr>\n<\/tbody>\n<\/table>\n<!-- #tablepress-3 from cache -->\n<p>I tillegg p\u00e5l\u00f8per en grunnkost p\u00e5 75,- per l\u00f8ype.<\/p>\n<p>Papirkvaliteter:<\/p>\n<ul>\n<li><strong>Kartpapir<\/strong>: 100g Colotec+. St\u00f8dig og godt papir.<\/li>\n<li><strong>Vannfast materiale<\/strong>: Antius 800, et syntetisk papir der du ikke trenger plast.<\/li>\n<\/ul>\n<p>Dersom du skal ha &#8220;kartsnu&#8221; med del 2 av l\u00f8ypa p\u00e5 baksiden av kartet, eller du skal ha kart til runners choice, m\u00e5 du velge to-sidig trykk.<\/p>\n<p>Vi har liggende en del ubrukte kart fra tidligere l\u00f8p samt en del feilprint. \u00a0Til trening kan vi printe p\u00e5 baksiden av disse kartene (gjenbruk).<\/p>\n<p>Ved spesielt store l\u00f8p, ta kontakt for tilbud.<\/p>\n","protected":false},"excerpt":{"rendered":"","protected":false},"author":1,"featured_media":0,"parent":656,"menu_order":0,"comment_status":"closed","ping_status":"closed","template":"","meta":{"spay_email":""},"jetpack_shortlink":"https:\/\/wp.me\/P7l827-bp","_links":{"self":[{"href":"https:\/\/www.emap.no\/wordpress\/wp-json\/wp\/v2\/pages\/707"}],"collection":[{"href":"https:\/\/www.emap.no\/wordpress\/wp-json\/wp\/v2\/pages"}],"about":[{"href":"https:\/\/www.emap.no\/wordpress\/wp-json\/wp\/v2\/types\/page"}],"author":[{"embeddable":true,"href":"https:\/\/www.emap.no\/wordpress\/wp-json\/wp\/v2\/users\/1"}],"replies":[{"embeddable":true,"href":"https:\/\/www.emap.no\/wordpress\/wp-json\/wp\/v2\/comments?post=707"}],"version-history":[{"count":18,"href":"https:\/\/www.emap.no\/wordpress\/wp-json\/wp\/v2\/pages\/707\/revisions"}],"predecessor-version":[{"id":2717,"href":"https:\/\/www.emap.no\/wordpress\/wp-json\/wp\/v2\/pages\/707\/revisions\/2717"}],"up":[{"embeddable":true,"href":"https:\/\/www.emap.no\/wordpress\/wp-json\/wp\/v2\/pages\/656"}],"wp:attachment":[{"href":"https:\/\/www.emap.no\/wordpress\/wp-json\/wp\/v2\/media?parent=707"}],"curies":[{"name":"wp","href":"https:\/\/api.w.org\/{rel}","templated":true}]}}